{"id":2329,"date":"2023-01-12T10:38:08","date_gmt":"2023-01-12T10:38:08","guid":{"rendered":"https:\/\/mousasky.com\/?post_type=product&#038;p=2329"},"modified":"2024-07-23T15:47:58","modified_gmt":"2024-07-23T15:47:58","slug":"%d8%b1%d8%ad%d9%84%d8%a9-%d8%a8%d8%a7%d9%85%d9%88%d9%83%d8%a7%d9%84%d9%8a-%d9%81%d9%8a-%d8%a7%d9%86%d8%b7%d8%a7%d9%84%d9%8a%d8%a7","status":"publish","type":"product","link":"https:\/\/mousasky.com\/de\/produkt\/\u0631\u062d\u0644\u0629-\u0628\u0627\u0645\u0648\u0643\u0627\u0644\u064a-\u0641\u064a-\u0627\u0646\u0637\u0627\u0644\u064a\u0627\/","title":{"rendered":"Pamukkale-Ausflug in Antalya"},"content":{"rendered":"<div class=\"wpb-content-wrapper\"><div class=\"vc_row wpb_row vc_row-fluid\"><div class=\"wpb_column vc_column_container vc_col-sm-12\"><div class=\"vc_column-inner\"><div class=\"wpb_wrapper\">\n\t<div class=\"wpb_text_column wpb_content_element\" >\n\t\t<div class=\"wpb_wrapper\">\n\t\t\t<p>\ud83d\udca2 Reiseprogramm:<br \/>\nDer Pamukkale-Ausflug von Antalya f\u00fcr einen Tag ist eine kulturelle Tour in die Stadt Hierapolis und Pamukkale mit Kalksteinh\u00f6hen (Calcium Terrace).<br \/>\nDie Kalkterrassen hei\u00dfen Pamukkale, was auf T\u00fcrkisch \u201eBaumwollburg\u201c bedeutet.<br \/>\nPamukkale ist ein Bezirk in Denizli, etwa 230 km von Antalya entfernt. Sie gilt als eine der \u00e4ltesten Thermalst\u00e4dte der Welt.<br \/>\nPamukkale-Thermalwasser mit etwa 30 Grad, das seit Jahrhunderten seine Besucher mit seinen Sch\u00f6nheits- und Gesundheitszwecken anzieht.<br \/>\nDas Gebiet steht auf der Liste des UNESCO-Weltkulturerbes. Verpassen Sie nicht die Gelegenheit, diese einzigartige Attraktion der T\u00fcrkei w\u00e4hrend Ihres Urlaubs in Antalya zu sehen und nehmen Sie an der Pamukkale-Tour ab Antalya f\u00fcr einen Tag teil.<br \/>\n\ud83d\udff0\ud83d\udff0\ud83d\udff0\ud83d\udff0\ud83d\udff0\ud83d\udff0\ud83d\udff0<br \/>\n\ud83d\udca2 optionale Extras<br \/>\nSchwimmen im Kleopatra-Thermalbad 8 Euro und rotes Wasser<\/p>\n\n\t\t<\/div>\n\t<\/div>\n\n\t<div class=\"wpb_raw_code wpb_raw_html wpb_content_element\" >\n\t\t<div class=\"wpb_wrapper\">\n\t\t\t<a href=\"\/de\/mustafa\/\" class=\"btn-whatsapp-pulse1 btn-whatsapp-pulse-border1\" target=\"_blank\">\n\t<i class=\"fab fa-whatsapp\"><\/i>\n<\/a>\n\n\n\n<style>\n.btn-whatsapp-pulse1 {\n\tz-index:9999;\n\tbackground: #25d366;\n\tcolor: white;\n\tposition: fixed;\n\n\tbottom: 100px;\n\tright: 20px;\n\tfont-size: 40px;\n\tdisplay: flex;\n\tjustify-content: center;\n\talign-items: center;\n\twidth: 0;\n\theight: 0;\n\tpadding: 35px;\n\ttext-decoration: none;\n\tborder-radius: 50%;\n\tanimation-name: pulse;\n\tanimation-duration: 1.5s;\n\tanimation-timing-function: ease-out;\n\tanimation-iteration-count: infinite;\n}\n\n<\/style>\n\t\t<\/div>\n\t<\/div>\n<\/div><\/div><\/div><\/div>\n<\/div>","protected":false},"excerpt":{"rendered":"<p>\u0645\u0644\u0627\u062d\u0638\u0629 \u0627\u0644\u0627\u0633\u0639\u0627\u0631 \u0627\u0644\u0645\u0648\u062c\u0648\u062f\u0629 \u0645\u0646 \u0645\u0631\u0643\u0632 \u0645\u062f\u064a\u0646\u0629 \u0627\u0646\u0637\u0627\u0644\u064a\u0627<br \/>\n\u0648\u0628\u0627\u0642\u064a \u0627\u0644\u0627\u0645\u0627\u0643\u0646 \u064a\u062e\u062a\u0644\u0641 \u0627\u0644\u0627\u0633\u0639\u0627\u0631 \u0639\u0644 &#8230; <\/p>","protected":false},"featured_media":4918,"comment_status":"open","ping_status":"closed","template":"","meta":[],"product_cat":[83],"product_tag":[],"class_list":{"0":"post-2329","1":"product","2":"type-product","3":"status-publish","4":"has-post-thumbnail","6":"product_cat-83","8":"first","9":"instock","10":"shipping-taxable","11":"purchasable","12":"product-type-simple"},"_links":{"self":[{"href":"https:\/\/mousasky.com\/de\/wp-json\/wp\/v2\/product\/2329","targetHints":{"allow":["GET"]}}],"collection":[{"href":"https:\/\/mousasky.com\/de\/wp-json\/wp\/v2\/product"}],"about":[{"href":"https:\/\/mousasky.com\/de\/wp-json\/wp\/v2\/types\/product"}],"replies":[{"embeddable":true,"href":"https:\/\/mousasky.com\/de\/wp-json\/wp\/v2\/comments?post=2329"}],"wp:featuredmedia":[{"embeddable":true,"href":"https:\/\/mousasky.com\/de\/wp-json\/wp\/v2\/media\/4918"}],"wp:attachment":[{"href":"https:\/\/mousasky.com\/de\/wp-json\/wp\/v2\/media?parent=2329"}],"wp:term":[{"taxonomy":"product_cat","embeddable":true,"href":"https:\/\/mousasky.com\/de\/wp-json\/wp\/v2\/product_cat?post=2329"},{"taxonomy":"product_tag","embeddable":true,"href":"https:\/\/mousasky.com\/de\/wp-json\/wp\/v2\/product_tag?post=2329"}],"curies":[{"name":"wp","href":"https:\/\/api.w.org\/{rel}","templated":true}]}}