{"id":2320,"date":"2023-01-12T10:33:58","date_gmt":"2023-01-12T10:33:58","guid":{"rendered":"https:\/\/mousasky.com\/?post_type=product&#038;p=2320"},"modified":"2024-07-23T15:48:08","modified_gmt":"2024-07-23T15:48:08","slug":"%d8%b1%d8%ad%d9%84%d8%a9-%d8%a7%d9%84%d8%ba%d9%88%d8%b5-%d9%81%d9%8a-%d8%a7%d9%86%d8%b7%d8%a7%d9%84%d9%8a%d8%a7","status":"publish","type":"product","link":"https:\/\/mousasky.com\/de\/produkt\/\u0631\u062d\u0644\u0629-\u0627\u0644\u063a\u0648\u0635-\u0641\u064a-\u0627\u0646\u0637\u0627\u0644\u064a\u0627\/","title":{"rendered":"Tauchausflug in Antalya"},"content":{"rendered":"<div class=\"wpb-content-wrapper\"><div class=\"vc_row wpb_row vc_row-fluid\"><div class=\"wpb_column vc_column_container vc_col-sm-12\"><div class=\"vc_column-inner\"><div class=\"wpb_wrapper\">\n\t<div class=\"wpb_text_column wpb_content_element\" >\n\t\t<div class=\"wpb_wrapper\">\n\t\t\t<p>\ud83d\udca2 Reiseprogramm:<br \/>\nTauchausflug in Antalya Es ist ein gro\u00dfartiger Ausflug im Rahmen der Organisation eines Meeresabenteuererlebnisses in der N\u00e4he von Kemer, einer der Regionen von Antalya.<br \/>\nDieses Gebiet ist f\u00fcr Tauchbegeisterte, die in Hotels in Antalya \u00fcbernachten, am besten geeignet und liegt in der N\u00e4he seines warmen und transparenten Wassers.<br \/>\nWir bieten Ihnen zwei Tauchversuche mit professionellen Tauchlehrern an, bei einem Tauchausflug in Antalya erkunden Sie das farbenfrohe Meeresleben unter dem Mittelmeer.<br \/>\nInteressante Fische, Caretta-Schildkr\u00f6ten, Pflanzenvielfalt und viele andere Natursch\u00f6nheiten k\u00f6nnen Sie beim Tauchen beobachten.<br \/>\nSie haben auch Zeit, im klaren Wasser zu schwimmen. Unser Ausflug ist sowohl f\u00fcr Profis als auch f\u00fcr Anf\u00e4nger geeignet. Gehen Sie zu einem Tauchboot in der N\u00e4he von Kemer.<br \/>\nEinf\u00fchrung in das Tauchen, den Umgang mit Booten und Sicherheitsverfahren durch Tauchlehrer.<br \/>\nNach der Einf\u00fchrung bringt der Guide Gruppen und Leute dazu, mit dem Tauchen zu beginnen.<br \/>\nMittagessen auf dem Boot.<br \/>\nEntspannen, Sonnenbaden, Tauchen.<br \/>\nZweiter Tauchgang.<br \/>\nDas Boot kehrt zum Hafen von Kemer zur\u00fcck und f\u00e4hrt erneut zu den Hotels in Antalya.<br \/>\n\ud83d\udff0\ud83d\udff0\ud83d\udff0\ud83d\udff0\ud83d\udff0\ud83d\udff0\ud83d\udff0<br \/>\n\ud83d\udca2 Infos &amp; Tipps:<br \/>\nDie Yacht verf\u00fcgt \u00fcber eine Umkleidekabine, Ruher\u00e4ume, Toiletten und Duschr\u00e4ume.<br \/>\nWer nicht schwimmen kann, kann in Begleitung eines Tauchlehrers tauchen.<\/p>\n\n\t\t<\/div>\n\t<\/div>\n\n\t<div class=\"wpb_raw_code wpb_raw_html wpb_content_element\" >\n\t\t<div class=\"wpb_wrapper\">\n\t\t\t<a href=\"\/de\/mustafa\/\" class=\"btn-whatsapp-pulse1 btn-whatsapp-pulse-border1\" target=\"_blank\">\n\t<i class=\"fab fa-whatsapp\"><\/i>\n<\/a>\n\n\n\n<style>\n.btn-whatsapp-pulse1 {\n\tz-index:9999;\n\tbackground: #25d366;\n\tcolor: white;\n\tposition: fixed;\n\n\tbottom: 100px;\n\tright: 20px;\n\tfont-size: 40px;\n\tdisplay: flex;\n\tjustify-content: center;\n\talign-items: center;\n\twidth: 0;\n\theight: 0;\n\tpadding: 35px;\n\ttext-decoration: none;\n\tborder-radius: 50%;\n\tanimation-name: pulse;\n\tanimation-duration: 1.5s;\n\tanimation-timing-function: ease-out;\n\tanimation-iteration-count: infinite;\n}\n\n<\/style>\n\t\t<\/div>\n\t<\/div>\n<\/div><\/div><\/div><\/div>\n<\/div>","protected":false},"excerpt":{"rendered":"<blockquote><p>\u0645\u0644\u0627\u062d\u0638\u0629 \u0627\u0644\u0627\u0633\u0639\u0627\u0631 \u0627\u0644\u0645\u0648\u062c\u0648\u062f\u0629 \u0645\u0646 \u0645\u0631\u0643\u0632 \u0645\u062f\u064a\u0646\u0629 \u0627\u0646\u0637\u0627\u0644\u064a\u0627<br \/>\n\u0648\u0628\u0627\u0642\u064a \u0627\u0644\u0627\u0645\u0627\u0643\u0646 \u064a\u062e\u062a\u0644\u0641 \u0627\u0644\u0627\u0633\u0639\u0627\u0631 \u0639\u0644 &#8230; <\/p>","protected":false},"featured_media":4924,"comment_status":"open","ping_status":"closed","template":"","meta":[],"product_cat":[83],"product_tag":[],"class_list":{"0":"post-2320","1":"product","2":"type-product","3":"status-publish","4":"has-post-thumbnail","6":"product_cat-83","8":"first","9":"instock","10":"shipping-taxable","11":"purchasable","12":"product-type-simple"},"_links":{"self":[{"href":"https:\/\/mousasky.com\/de\/wp-json\/wp\/v2\/product\/2320","targetHints":{"allow":["GET"]}}],"collection":[{"href":"https:\/\/mousasky.com\/de\/wp-json\/wp\/v2\/product"}],"about":[{"href":"https:\/\/mousasky.com\/de\/wp-json\/wp\/v2\/types\/product"}],"replies":[{"embeddable":true,"href":"https:\/\/mousasky.com\/de\/wp-json\/wp\/v2\/comments?post=2320"}],"wp:featuredmedia":[{"embeddable":true,"href":"https:\/\/mousasky.com\/de\/wp-json\/wp\/v2\/media\/4924"}],"wp:attachment":[{"href":"https:\/\/mousasky.com\/de\/wp-json\/wp\/v2\/media?parent=2320"}],"wp:term":[{"taxonomy":"product_cat","embeddable":true,"href":"https:\/\/mousasky.com\/de\/wp-json\/wp\/v2\/product_cat?post=2320"},{"taxonomy":"product_tag","embeddable":true,"href":"https:\/\/mousasky.com\/de\/wp-json\/wp\/v2\/product_tag?post=2320"}],"curies":[{"name":"wp","href":"https:\/\/api.w.org\/{rel}","templated":true}]}}