{"id":2302,"date":"2023-01-12T10:20:41","date_gmt":"2023-01-12T10:20:41","guid":{"rendered":"https:\/\/mousasky.com\/?post_type=product&#038;p=2302"},"modified":"2024-07-23T15:48:23","modified_gmt":"2024-07-23T15:48:23","slug":"%d8%b1%d8%ad%d9%84%d8%a9-%d9%86%d9%87%d8%b1-%d9%85%d8%a7%d9%86%d8%a7%d9%81%d9%82%d8%a7%d8%aa-%d9%81%d9%8a-%d8%a7%d9%86%d8%b7%d8%a7%d9%84%d9%8a%d8%a7","status":"publish","type":"product","link":"https:\/\/mousasky.com\/de\/produkt\/\u0631\u062d\u0644\u0629-\u0646\u0647\u0631-\u0645\u0627\u0646\u0627\u0641\u0642\u0627\u062a-\u0641\u064a-\u0627\u0646\u0637\u0627\u0644\u064a\u0627\/","title":{"rendered":"Manavgat-Flusskreuzfahrt in Antalya"},"content":{"rendered":"<div class=\"wpb-content-wrapper\"><div class=\"vc_row wpb_row vc_row-fluid\"><div class=\"wpb_column vc_column_container vc_col-sm-12\"><div class=\"vc_column-inner\"><div class=\"wpb_wrapper\">\n\t<div class=\"wpb_text_column wpb_content_element\" >\n\t\t<div class=\"wpb_wrapper\">\n\t\t\t<p>\ud83d\udca2 Reiseprogramm:<br \/>\nManavgat-Flusskreuzfahrt ab Antalya Diese Kreuzfahrt ist eine Natur- und Entspannungsreise.<br \/>\nManafqat ist eine der St\u00e4dte in der Provinz Antalya, 60 km vom Zentrum Antalyas entfernt.<br \/>\nManavgat ist ber\u00fchmt f\u00fcr seinen Wasserfall und seinen Fluss. Die Bootsfahrt auf dem Manavgat-Fluss von Antalya aus dauert dreieinhalb Stunden Entspannung.<br \/>\nW\u00e4hrend der Reise werden Sie unaussprechliche Orte sehen, an denen reines und frisches Wasser auf salziges Wasser trifft.<br \/>\nSie k\u00f6nnen im Mittelmeer oder im Fluss (Salz- oder S\u00fc\u00dfwasser) schwimmen und das Mittagessen wird im Boot serviert.<br \/>\nNach der Bootsfahrt besuchen wir den beliebten Markt Manafaqat und geben Ihnen Zeit zum Einkaufen. Auf dem Markt gibt es Gem\u00fcse und Obst, Gew\u00fcrze, Trockenfr\u00fcchte und alle Arten von Kleidung.<\/p>\n<p>\ud83d\udff0\ud83d\udff0\ud83d\udff0\ud83d\udff0\ud83d\udff0\ud83d\udff0<\/p>\n<p>\ud83d\udca2 Infos &amp; Tipps:<br \/>\n* Montags und donnerstags findet in Manafiqat der beliebte Markt statt, daher koordinieren wir unsere Reisen auf diese Tage<br \/>\n*Sie m\u00fcssen Badekleidung und eine Kamera mitnehmen<\/p>\n\n\t\t<\/div>\n\t<\/div>\n\n\t<div class=\"wpb_raw_code wpb_raw_html wpb_content_element\" >\n\t\t<div class=\"wpb_wrapper\">\n\t\t\t<a href=\"\/de\/mustafa\/\" class=\"btn-whatsapp-pulse1 btn-whatsapp-pulse-border1\" target=\"_blank\">\n\t<i class=\"fab fa-whatsapp\"><\/i>\n<\/a>\n\n\n\n<style>\n.btn-whatsapp-pulse1 {\n\tz-index:9999;\n\tbackground: #25d366;\n\tcolor: white;\n\tposition: fixed;\n\n\tbottom: 100px;\n\tright: 20px;\n\tfont-size: 40px;\n\tdisplay: flex;\n\tjustify-content: center;\n\talign-items: center;\n\twidth: 0;\n\theight: 0;\n\tpadding: 35px;\n\ttext-decoration: none;\n\tborder-radius: 50%;\n\tanimation-name: pulse;\n\tanimation-duration: 1.5s;\n\tanimation-timing-function: ease-out;\n\tanimation-iteration-count: infinite;\n}\n\n<\/style>\n\t\t<\/div>\n\t<\/div>\n<\/div><\/div><\/div><\/div>\n<\/div>","protected":false},"excerpt":{"rendered":"<p>\u0645\u0644\u0627\u062d\u0638\u0629 \u0627\u0644\u0627\u0633\u0639\u0627\u0631 \u0627\u0644\u0645\u0648\u062c\u0648\u062f\u0629 \u0645\u0646 \u0645\u0631\u0643\u0632 \u0645\u062f\u064a\u0646\u0629 \u0627\u0646\u0637\u0627\u0644\u064a\u0627<br \/>\n\u0648\u0628\u0627\u0642\u064a \u0627\u0644\u0627\u0645\u0627\u0643\u0646 \u064a\u062e\u062a\u0644\u0641 \u0627\u0644\u0627\u0633\u0639\u0627\u0631 \u0639\u0644 &#8230; <\/p>","protected":false},"featured_media":4888,"comment_status":"open","ping_status":"closed","template":"","meta":[],"product_cat":[83],"product_tag":[],"class_list":{"0":"post-2302","1":"product","2":"type-product","3":"status-publish","4":"has-post-thumbnail","6":"product_cat-83","8":"first","9":"instock","10":"shipping-taxable","11":"purchasable","12":"product-type-simple"},"_links":{"self":[{"href":"https:\/\/mousasky.com\/de\/wp-json\/wp\/v2\/product\/2302","targetHints":{"allow":["GET"]}}],"collection":[{"href":"https:\/\/mousasky.com\/de\/wp-json\/wp\/v2\/product"}],"about":[{"href":"https:\/\/mousasky.com\/de\/wp-json\/wp\/v2\/types\/product"}],"replies":[{"embeddable":true,"href":"https:\/\/mousasky.com\/de\/wp-json\/wp\/v2\/comments?post=2302"}],"wp:featuredmedia":[{"embeddable":true,"href":"https:\/\/mousasky.com\/de\/wp-json\/wp\/v2\/media\/4888"}],"wp:attachment":[{"href":"https:\/\/mousasky.com\/de\/wp-json\/wp\/v2\/media?parent=2302"}],"wp:term":[{"taxonomy":"product_cat","embeddable":true,"href":"https:\/\/mousasky.com\/de\/wp-json\/wp\/v2\/product_cat?post=2302"},{"taxonomy":"product_tag","embeddable":true,"href":"https:\/\/mousasky.com\/de\/wp-json\/wp\/v2\/product_tag?post=2302"}],"curies":[{"name":"wp","href":"https:\/\/api.w.org\/{rel}","templated":true}]}}