{"id":2293,"date":"2023-01-12T10:14:40","date_gmt":"2023-01-12T10:14:40","guid":{"rendered":"https:\/\/mousasky.com\/?post_type=product&#038;p=2293"},"modified":"2024-07-23T15:48:29","modified_gmt":"2024-07-23T15:48:29","slug":"%d8%b1%d8%ad%d9%84%d8%a9-%d8%a7%d9%84%d8%a8%d9%88%d8%ac%d9%8a-%d8%b3%d9%81%d8%a7%d8%b1%d9%8a-%d9%81%d9%8a-%d8%a7%d9%86%d8%b7%d8%a7%d9%84%d9%8a%d8%a7","status":"publish","type":"product","link":"https:\/\/mousasky.com\/de\/produkt\/\u0631\u062d\u0644\u0629-\u0627\u0644\u0628\u0648\u062c\u064a-\u0633\u0641\u0627\u0631\u064a-\u0641\u064a-\u0627\u0646\u0637\u0627\u0644\u064a\u0627\/","title":{"rendered":"Eine Buggy-Safari-Reise in Antalya"},"content":{"rendered":"<div class=\"wpb-content-wrapper\"><div class=\"vc_row wpb_row vc_row-fluid\"><div class=\"wpb_column vc_column_container vc_col-sm-12\"><div class=\"vc_column-inner\"><div class=\"wpb_wrapper\">\n\t<div class=\"wpb_text_column wpb_content_element\" >\n\t\t<div class=\"wpb_wrapper\">\n\t\t\t<p>\u25fe\ufe0f Flugzeit<\/p>\n<p>\u25aa\ufe0f Morgengruppe Abfahrt um 9:00 Uhr, R\u00fcckkehr um 13:00 Uhr<br \/>\n\u25aa\ufe0f Nachmittags Abfahrt der Gruppe um 13:30 Uhr, R\u00fcckkehr um 17:30 Uhr<br \/>\n\u25aa\ufe0fAbendgruppe Abfahrt um 16:00 Uhr, R\u00fcckkehr um 20:00 Uhr<br \/>\n\ud83d\udff0\ud83d\udff0\ud83d\udff0\ud83d\udff0\ud83d\udff0\ud83d\udff0<\/p>\n<p>\ud83d\udca2 Reiseprogramm:<br \/>\nBuggy Safari Antalya ist eine unterhaltsame und aktive Tour an den H\u00e4ngen des Taurusgebirges in der N\u00e4he von Antalya.<br \/>\nSie werden die holprigen Stra\u00dfen zwischen den Kiefern genie\u00dfen, Sie ben\u00f6tigen weder Vorkenntnisse noch einen F\u00fchrerschein, um an unserer Reise teilzunehmen.<br \/>\nDie Fahrt dauert etwa zweieinhalb Stunden.<br \/>\nDie Ausflugsfahrzeuge von Buggy Safari Antalya sind automatisch und einfach zu fahren. Sie k\u00f6nnen lieber alleine fahren, oder zwei Personen k\u00f6nnen gegen einen Aufpreis von 10 Euro im selben Fahrzeug teilnehmen.<br \/>\nWir machen eine Pause, um uns zu entspannen und die nat\u00fcrliche Sch\u00f6nheit der W\u00e4lder von Antalya zu beobachten.<br \/>\nDie Buggy-Safari-Reise nach Antalya besteht aus drei Abschnitten<\/p>\n\n\t\t<\/div>\n\t<\/div>\n\n\t<div class=\"wpb_raw_code wpb_raw_html wpb_content_element\" >\n\t\t<div class=\"wpb_wrapper\">\n\t\t\t<a href=\"\/de\/mustafa\/\" class=\"btn-whatsapp-pulse1 btn-whatsapp-pulse-border1\" target=\"_blank\">\n\t<i class=\"fab fa-whatsapp\"><\/i>\n<\/a>\n\n\n\n<style>\n.btn-whatsapp-pulse1 {\n\tz-index:9999;\n\tbackground: #25d366;\n\tcolor: white;\n\tposition: fixed;\n\n\tbottom: 100px;\n\tright: 20px;\n\tfont-size: 40px;\n\tdisplay: flex;\n\tjustify-content: center;\n\talign-items: center;\n\twidth: 0;\n\theight: 0;\n\tpadding: 35px;\n\ttext-decoration: none;\n\tborder-radius: 50%;\n\tanimation-name: pulse;\n\tanimation-duration: 1.5s;\n\tanimation-timing-function: ease-out;\n\tanimation-iteration-count: infinite;\n}\n\n<\/style>\n\t\t<\/div>\n\t<\/div>\n<\/div><\/div><\/div><\/div>\n<\/div>","protected":false},"excerpt":{"rendered":"<p>\u0645\u0644\u0627\u062d\u0638\u0629 \u0627\u0644\u0627\u0633\u0639\u0627\u0631 \u0627\u0644\u0645\u0648\u062c\u0648\u062f\u0629 \u0645\u0646 \u0645\u0631\u0643\u0632 \u0645\u062f\u064a\u0646\u0629 \u0627\u0646\u0637\u0627\u0644\u064a\u0627<br \/>\n\u0648\u0628\u0627\u0642\u064a \u0627\u0644\u0627\u0645\u0627\u0643\u0646 \u064a\u062e\u062a\u0644\u0641 \u0627\u0644\u0627\u0633\u0639\u0627\u0631 \u0639\u0644 &#8230; <\/p>","protected":false},"featured_media":4912,"comment_status":"open","ping_status":"closed","template":"","meta":[],"product_cat":[83],"product_tag":[],"class_list":{"0":"post-2293","1":"product","2":"type-product","3":"status-publish","4":"has-post-thumbnail","6":"product_cat-83","8":"first","9":"instock","10":"shipping-taxable","11":"purchasable","12":"product-type-simple"},"_links":{"self":[{"href":"https:\/\/mousasky.com\/de\/wp-json\/wp\/v2\/product\/2293","targetHints":{"allow":["GET"]}}],"collection":[{"href":"https:\/\/mousasky.com\/de\/wp-json\/wp\/v2\/product"}],"about":[{"href":"https:\/\/mousasky.com\/de\/wp-json\/wp\/v2\/types\/product"}],"replies":[{"embeddable":true,"href":"https:\/\/mousasky.com\/de\/wp-json\/wp\/v2\/comments?post=2293"}],"wp:featuredmedia":[{"embeddable":true,"href":"https:\/\/mousasky.com\/de\/wp-json\/wp\/v2\/media\/4912"}],"wp:attachment":[{"href":"https:\/\/mousasky.com\/de\/wp-json\/wp\/v2\/media?parent=2293"}],"wp:term":[{"taxonomy":"product_cat","embeddable":true,"href":"https:\/\/mousasky.com\/de\/wp-json\/wp\/v2\/product_cat?post=2293"},{"taxonomy":"product_tag","embeddable":true,"href":"https:\/\/mousasky.com\/de\/wp-json\/wp\/v2\/product_tag?post=2293"}],"curies":[{"name":"wp","href":"https:\/\/api.w.org\/{rel}","templated":true}]}}