{"id":2284,"date":"2023-01-12T10:09:44","date_gmt":"2023-01-12T10:09:44","guid":{"rendered":"https:\/\/mousasky.com\/?post_type=product&#038;p=2284"},"modified":"2024-07-23T15:48:45","modified_gmt":"2024-07-23T15:48:45","slug":"%d8%b1%d8%ad%d9%84%d8%a9-%d8%aa%d9%84%d9%81%d8%b1%d9%8a%d9%83-%d8%a7%d9%88%d9%84%d9%8a%d9%85%d8%a8%d9%88%d8%b3-%d9%84%d8%ac%d8%a8%d9%84-%d8%aa%d8%a7%d9%87%d8%aa%d8%a7%d9%84%d9%8a-%d9%81%d9%8a-%d8%a7","status":"publish","type":"product","link":"https:\/\/mousasky.com\/de\/produkt\/\u0631\u062d\u0644\u0629-\u062a\u0644\u0641\u0631\u064a\u0643-\u0627\u0648\u0644\u064a\u0645\u0628\u0648\u0633-\u0644\u062c\u0628\u0644-\u062a\u0627\u0647\u062a\u0627\u0644\u064a-\u0641\u064a-\u0627\/","title":{"rendered":"Seilbahnfahrt zum Olymp in Antalya"},"content":{"rendered":"<div class=\"wpb-content-wrapper\"><div class=\"vc_row wpb_row vc_row-fluid\"><div class=\"wpb_column vc_column_container vc_col-sm-12\"><div class=\"vc_column-inner\"><div class=\"wpb_wrapper\">\n\t<div class=\"wpb_text_column wpb_content_element\" >\n\t\t<div class=\"wpb_wrapper\">\n\t\t\t<p>\ud83d\udca2 Reiseprogramm:<br \/>\nDie Olympus-Seilbahn von Antalya zum Tahtali-Berg l\u00e4dt Sie zu einem unterhaltsamen Ausflug zum Tahtali-Berg auf einer H\u00f6he von 2365 Metern an Bord einer Seilbahn mit einer Kapazit\u00e4t von 80 Personen und einem transparenten Fenster ein.<br \/>\nOlympus-Seilbahn in der Stadt Kemer, 50 km von Antalya entfernt, Berg Tahtali, der h\u00f6chste Berg am Mittelmeer.<br \/>\nSie werden von der Aussicht auf das Mittelmeer und das Taurusgebirge von oben begeistert sein. Die Olympus-Seilbahn ist das ganze Jahr \u00fcber von Antalya aus erreichbar. Der Aufstieg mit der Olympus-Seilbahn dauert etwa 10 Minuten.<br \/>\nVerpassen Sie nicht das Vergn\u00fcgen, w\u00e4hrend der Wolken wie ein Vogel \u00fcber die W\u00e4lder und die antike Stadt Phaselis bis zur Mittelmeerk\u00fcste zu fliegen<br \/>\nDie Fahrt mit der Olympus-Seilbahn von Antalya zum Berg Tahtali dauert etwa vier Stunden. Unsere Fahrt besteht aus zwei Zeitabschnitten, morgens und nachmittags.<\/p>\n\n\t\t<\/div>\n\t<\/div>\n\n\t<div class=\"wpb_raw_code wpb_raw_html wpb_content_element\" >\n\t\t<div class=\"wpb_wrapper\">\n\t\t\t<a href=\"\/de\/mustafa\/\" class=\"btn-whatsapp-pulse1 btn-whatsapp-pulse-border1\" target=\"_blank\">\n\t<i class=\"fab fa-whatsapp\"><\/i>\n<\/a>\n\n\n\n<style>\n.btn-whatsapp-pulse1 {\n\tz-index:9999;\n\tbackground: #25d366;\n\tcolor: white;\n\tposition: fixed;\n\n\tbottom: 100px;\n\tright: 20px;\n\tfont-size: 40px;\n\tdisplay: flex;\n\tjustify-content: center;\n\talign-items: center;\n\twidth: 0;\n\theight: 0;\n\tpadding: 35px;\n\ttext-decoration: none;\n\tborder-radius: 50%;\n\tanimation-name: pulse;\n\tanimation-duration: 1.5s;\n\tanimation-timing-function: ease-out;\n\tanimation-iteration-count: infinite;\n}\n\n<\/style>\n\t\t<\/div>\n\t<\/div>\n<\/div><\/div><\/div><\/div>\n<\/div>","protected":false},"excerpt":{"rendered":"<p>\u0645\u0644\u0627\u062d\u0638\u0629 \u0627\u0644\u0627\u0633\u0639\u0627\u0631 \u0627\u0644\u0645\u0648\u062c\u0648\u062f\u0629 \u0645\u0646 \u0645\u0631\u0643\u0632 \u0645\u062f\u064a\u0646\u0629 \u0627\u0646\u0637\u0627\u0644\u064a\u0627<br \/>\n\u0648\u0628\u0627\u0642\u064a \u0627\u0644\u0627\u0645\u0627\u0643\u0646 \u064a\u062e\u062a\u0644\u0641 \u0627\u0644\u0627\u0633\u0639\u0627\u0631 \u0639\u0644 &#8230; <\/p>","protected":false},"featured_media":4908,"comment_status":"open","ping_status":"closed","template":"","meta":[],"product_cat":[83],"product_tag":[],"class_list":{"0":"post-2284","1":"product","2":"type-product","3":"status-publish","4":"has-post-thumbnail","6":"product_cat-83","8":"first","9":"instock","10":"shipping-taxable","11":"purchasable","12":"product-type-simple"},"_links":{"self":[{"href":"https:\/\/mousasky.com\/de\/wp-json\/wp\/v2\/product\/2284","targetHints":{"allow":["GET"]}}],"collection":[{"href":"https:\/\/mousasky.com\/de\/wp-json\/wp\/v2\/product"}],"about":[{"href":"https:\/\/mousasky.com\/de\/wp-json\/wp\/v2\/types\/product"}],"replies":[{"embeddable":true,"href":"https:\/\/mousasky.com\/de\/wp-json\/wp\/v2\/comments?post=2284"}],"wp:featuredmedia":[{"embeddable":true,"href":"https:\/\/mousasky.com\/de\/wp-json\/wp\/v2\/media\/4908"}],"wp:attachment":[{"href":"https:\/\/mousasky.com\/de\/wp-json\/wp\/v2\/media?parent=2284"}],"wp:term":[{"taxonomy":"product_cat","embeddable":true,"href":"https:\/\/mousasky.com\/de\/wp-json\/wp\/v2\/product_cat?post=2284"},{"taxonomy":"product_tag","embeddable":true,"href":"https:\/\/mousasky.com\/de\/wp-json\/wp\/v2\/product_tag?post=2284"}],"curies":[{"name":"wp","href":"https:\/\/api.w.org\/{rel}","templated":true}]}}