{"id":2275,"date":"2023-01-12T10:04:41","date_gmt":"2023-01-12T10:04:41","guid":{"rendered":"https:\/\/mousasky.com\/?post_type=product&#038;p=2275"},"modified":"2024-07-23T15:49:23","modified_gmt":"2024-07-23T15:49:23","slug":"%d8%b1%d8%ad%d9%84%d8%a9-%d8%a7%d9%83%d9%88%d8%a7%d8%b1%d9%8a%d9%88%d9%85-%d8%a7%d9%86%d8%b7%d8%a7%d9%84%d9%8a%d8%a7-antalya","status":"publish","type":"product","link":"https:\/\/mousasky.com\/de\/produkt\/\u0631\u062d\u0644\u0629-\u0627\u0643\u0648\u0627\u0631\u064a\u0648\u0645-\u0627\u0646\u0637\u0627\u0644\u064a\u0627-antalya\/","title":{"rendered":"Antalya Aquariumausflug ANTALYA"},"content":{"rendered":"<div class=\"wpb-content-wrapper\"><div class=\"vc_row wpb_row vc_row-fluid\"><div class=\"wpb_column vc_column_container vc_col-sm-12\"><div class=\"vc_column-inner\"><div class=\"wpb_wrapper\">\n\t<div class=\"wpb_text_column wpb_content_element\" >\n\t\t<div class=\"wpb_wrapper\">\n\t\t\t<p>\ud83d\udca2 Reiseprogramm:<br \/>\nAntalya Aquarium-Tour zu einem der gr\u00f6\u00dften Aquarien der Welt. Das Antalya Aquarium ist mit einer Fl\u00e4che von 15.000 Quadratmetern das gr\u00f6\u00dfte Tunnelaquarium der Welt, 131 Meter lang und 3 Meter breit, 40 verschiedene Aquarien, mehr als 200 Fische und Haie gibt es<br \/>\nGeschenkeladen, Unterwasserh\u00f6hle, Fischf\u00fctterungsabteilung, Schneemuseum, Doktorfisch, Restaurants, Caf\u00e9s und Restaurants. Sie werden in der N\u00e4he sein, die magische Unterwasserwelt kennenlernen und erkunden. Sie k\u00f6nnen Ihren Besuch im Antalya Aquarium auch zu unvergesslichen Erinnerungen machen, indem Sie Erinnerungsfotos mit hollywoodgr\u00fcnen Tapeten machen.<br \/>\n\ud83d\udff0\ud83d\udff0\ud83d\udff0\ud83d\udff0\ud83d\udff0\ud83d\udff0\ud83d\udff0<br \/>\n\ud83d\udca2 Optionale Extras:<br \/>\nSpeisen und Getr\u00e4nke (Sie k\u00f6nnen diese in den Caf\u00e9s im Aquariumkomplex kaufen)<br \/>\npers\u00f6nliche Ausgaben<br \/>\nGeb\u00fchren f\u00fcr weitere Veranstaltungen und Museen im Aquariumkomplex (Snow World, XD Cinema)<\/p>\n\n\t\t<\/div>\n\t<\/div>\n\n\t<div class=\"wpb_raw_code wpb_raw_html wpb_content_element\" >\n\t\t<div class=\"wpb_wrapper\">\n\t\t\t<a href=\"\/de\/mustafa\/\" class=\"btn-whatsapp-pulse1 btn-whatsapp-pulse-border1\" target=\"_blank\">\n\t<i class=\"fab fa-whatsapp\"><\/i>\n<\/a>\n\n\n\n<style>\n.btn-whatsapp-pulse1 {\n\tz-index:9999;\n\tbackground: #25d366;\n\tcolor: white;\n\tposition: fixed;\n\n\tbottom: 100px;\n\tright: 20px;\n\tfont-size: 40px;\n\tdisplay: flex;\n\tjustify-content: center;\n\talign-items: center;\n\twidth: 0;\n\theight: 0;\n\tpadding: 35px;\n\ttext-decoration: none;\n\tborder-radius: 50%;\n\tanimation-name: pulse;\n\tanimation-duration: 1.5s;\n\tanimation-timing-function: ease-out;\n\tanimation-iteration-count: infinite;\n}\n\n<\/style>\n\t\t<\/div>\n\t<\/div>\n<\/div><\/div><\/div><\/div>\n<\/div>","protected":false},"excerpt":{"rendered":"<p>\ud83d\udd36Der Preis beinhaltet:<br \/>\n\ud83d\udd38 Lieferung zum und vom Hotel<br \/>\n\ud83d\udd38 Reiseleiter<br \/>\n\ud83d\udd38 Das Ticket ist Eintritt<\/p>\n<p><span","protected":false},"featured_media":4889,"comment_status":"open","ping_status":"closed","template":"","meta":[],"product_cat":[83],"product_tag":[],"class_list":{"0":"post-2275","1":"product","2":"type-product","3":"status-publish","4":"has-post-thumbnail","6":"product_cat-83","8":"first","9":"instock","10":"shipping-taxable","11":"purchasable","12":"product-type-simple"},"_links":{"self":[{"href":"https:\/\/mousasky.com\/de\/wp-json\/wp\/v2\/product\/2275","targetHints":{"allow":["GET"]}}],"collection":[{"href":"https:\/\/mousasky.com\/de\/wp-json\/wp\/v2\/product"}],"about":[{"href":"https:\/\/mousasky.com\/de\/wp-json\/wp\/v2\/types\/product"}],"replies":[{"embeddable":true,"href":"https:\/\/mousasky.com\/de\/wp-json\/wp\/v2\/comments?post=2275"}],"wp:featuredmedia":[{"embeddable":true,"href":"https:\/\/mousasky.com\/de\/wp-json\/wp\/v2\/media\/4889"}],"wp:attachment":[{"href":"https:\/\/mousasky.com\/de\/wp-json\/wp\/v2\/media?parent=2275"}],"wp:term":[{"taxonomy":"product_cat","embeddable":true,"href":"https:\/\/mousasky.com\/de\/wp-json\/wp\/v2\/product_cat?post=2275"},{"taxonomy":"product_tag","embeddable":true,"href":"https:\/\/mousasky.com\/de\/wp-json\/wp\/v2\/product_tag?post=2275"}],"curies":[{"name":"wp","href":"https:\/\/api.w.org\/{rel}","templated":true}]}}