{"id":2257,"date":"2023-01-12T09:53:46","date_gmt":"2023-01-12T09:53:46","guid":{"rendered":"https:\/\/mousasky.com\/?post_type=product&#038;p=2257"},"modified":"2025-04-12T16:13:56","modified_gmt":"2025-04-12T16:13:56","slug":"%d8%b1%d8%ad%d9%84%d8%a9-%d8%a7%d9%84%d9%88%d8%a7%d8%af%d9%8a-%d8%a7%d9%84%d8%a7%d8%ae%d8%b6%d8%b1-%d9%81%d9%8a-%d8%a7%d9%86%d8%b7%d8%a7%d9%84%d9%8a%d8%a7","status":"publish","type":"product","link":"https:\/\/mousasky.com\/de\/produkt\/\u0631\u062d\u0644\u0629-\u0627\u0644\u0648\u0627\u062f\u064a-\u0627\u0644\u0627\u062e\u0636\u0631-\u0641\u064a-\u0627\u0646\u0637\u0627\u0644\u064a\u0627\/","title":{"rendered":"Green Canyon-Ausflug in Antalya"},"content":{"rendered":"<div class=\"wpb-content-wrapper\"><div class=\"vc_row wpb_row vc_row-fluid\"><div class=\"wpb_column vc_column_container vc_col-sm-12\"><div class=\"vc_column-inner\"><div class=\"wpb_wrapper\">\n\t<div class=\"wpb_text_column wpb_content_element\" >\n\t\t<div class=\"wpb_wrapper\">\n\t\t\t<p>\ud83d\udca2 Reiseprogramm:<br \/>\nDie Green Canyon Tour ab Antalya ist eine ruhige und entspannende Bootstour zu einem der gr\u00f6\u00dften Stauseen in Oymap\u0131nar.<br \/>\nDer Oymap\u0131nar-Staudamm, auch Green Canyon genannt, ist der vierth\u00f6chste Staudamm in der T\u00fcrkei. Der Green Lake-Stausee liegt etwa 90 km von Antalya entfernt im Taurusgebirge, in der N\u00e4he der Stadt Manafgat. Die Green Canyon-Fahrt von Antalya aus dauert etwa 17 km. Sie werden die wundersch\u00f6ne Landschaft genie\u00dfen. Das Mittagessen wird in einem Restaurant mit Blick auf den See serviert. Es gibt auch Pausen zum Sonnenbaden, Schwimmen und Angeln. Naturliebhaber sollten sich die Wanderung zum Green Canyon nicht entgehen lassen.<br \/>\n\ud83d\udff0\ud83d\udff0\ud83d\udff0\ud83d\udff0\ud83d\udff0\ud83d\udff0\ud83d\udff0<br \/>\n\ud83d\udca2 Infos &amp; Tipps<br \/>\nAuf der Yacht stehen Umkleider\u00e4ume, Toiletten und Duschen zur Verf\u00fcgung.<\/p>\n\n\t\t<\/div>\n\t<\/div>\n\n\t<div class=\"wpb_raw_code wpb_raw_html wpb_content_element\" >\n\t\t<div class=\"wpb_wrapper\">\n\t\t\t<a href=\"\/de\/mustafa\/\" class=\"btn-whatsapp-pulse1 btn-whatsapp-pulse-border1\" target=\"_blank\">\n\t<i class=\"fab fa-whatsapp\"><\/i>\n<\/a>\n\n\n\n<style>\n.btn-whatsapp-pulse1 {\n\tz-index:9999;\n\tbackground: #25d366;\n\tcolor: white;\n\tposition: fixed;\n\n\tbottom: 100px;\n\tright: 20px;\n\tfont-size: 40px;\n\tdisplay: flex;\n\tjustify-content: center;\n\talign-items: center;\n\twidth: 0;\n\theight: 0;\n\tpadding: 35px;\n\ttext-decoration: none;\n\tborder-radius: 50%;\n\tanimation-name: pulse;\n\tanimation-duration: 1.5s;\n\tanimation-timing-function: ease-out;\n\tanimation-iteration-count: infinite;\n}\n\n<\/style>\n\t\t<\/div>\n\t<\/div>\n<\/div><\/div><\/div><\/div>\n<\/div>","protected":false},"excerpt":{"rendered":"<p>\u0645\u0644\u0627\u062d\u0638\u0629 \u0627\u0644\u0627\u0633\u0639\u0627\u0631 \u0627\u0644\u0645\u0648\u062c\u0648\u062f\u0629 \u0645\u0646 \u0645\u0631\u0643\u0632 \u0645\u062f\u064a\u0646\u0629 \u0627\u0646\u0637\u0627\u0644\u064a\u0627<br \/>\n\u0648\u0628\u0627\u0642\u064a \u0627\u0644\u0627\u0645\u0627\u0643\u0646 \u064a\u062e\u062a\u0644\u0641 \u0627\u0644\u0627\u0633\u0639\u0627\u0631 \u0639\u0644 &#8230; <\/p>","protected":false},"featured_media":4884,"comment_status":"open","ping_status":"closed","template":"","meta":[],"product_cat":[83],"product_tag":[],"class_list":{"0":"post-2257","1":"product","2":"type-product","3":"status-publish","4":"has-post-thumbnail","6":"product_cat-83","8":"first","9":"instock","10":"shipping-taxable","11":"purchasable","12":"product-type-simple"},"_links":{"self":[{"href":"https:\/\/mousasky.com\/de\/wp-json\/wp\/v2\/product\/2257","targetHints":{"allow":["GET"]}}],"collection":[{"href":"https:\/\/mousasky.com\/de\/wp-json\/wp\/v2\/product"}],"about":[{"href":"https:\/\/mousasky.com\/de\/wp-json\/wp\/v2\/types\/product"}],"replies":[{"embeddable":true,"href":"https:\/\/mousasky.com\/de\/wp-json\/wp\/v2\/comments?post=2257"}],"wp:featuredmedia":[{"embeddable":true,"href":"https:\/\/mousasky.com\/de\/wp-json\/wp\/v2\/media\/4884"}],"wp:attachment":[{"href":"https:\/\/mousasky.com\/de\/wp-json\/wp\/v2\/media?parent=2257"}],"wp:term":[{"taxonomy":"product_cat","embeddable":true,"href":"https:\/\/mousasky.com\/de\/wp-json\/wp\/v2\/product_cat?post=2257"},{"taxonomy":"product_tag","embeddable":true,"href":"https:\/\/mousasky.com\/de\/wp-json\/wp\/v2\/product_tag?post=2257"}],"curies":[{"name":"wp","href":"https:\/\/api.w.org\/{rel}","templated":true}]}}