{"id":2238,"date":"2023-01-11T14:59:28","date_gmt":"2023-01-11T14:59:28","guid":{"rendered":"https:\/\/mousasky.com\/?post_type=product&#038;p=2238"},"modified":"2024-07-23T15:50:02","modified_gmt":"2024-07-23T15:50:02","slug":"%d8%b1%d8%ad%d9%84%d8%a9-%d8%a7%d9%84%d8%a8%d8%b1%d8%a7%d8%b4%d9%88%d8%aa-%d9%81%d9%8a-%d8%a7%d9%86%d8%b7%d8%a7%d9%84%d9%8a%d8%a7","status":"publish","type":"product","link":"https:\/\/mousasky.com\/de\/produkt\/\u0631\u062d\u0644\u0629-\u0627\u0644\u0628\u0631\u0627\u0634\u0648\u062a-\u0641\u064a-\u0627\u0646\u0637\u0627\u0644\u064a\u0627\/","title":{"rendered":"Fallschirmflug in Antalya"},"content":{"rendered":"<div class=\"wpb-content-wrapper\"><div class=\"vc_row wpb_row vc_row-fluid\"><div class=\"wpb_column vc_column_container vc_col-sm-12\"><div class=\"vc_column-inner\"><div class=\"wpb_wrapper\">\n\t<div class=\"wpb_text_column wpb_content_element\" >\n\t\t<div class=\"wpb_wrapper\">\n\t\t\t<p>\ud83d\udca2 Reiseprogramm:<br \/>\nDer Fallschirmausflug von Antalya aus ist ein unterhaltsamer Ausflug, den wir in der Stadt Alanya unternehmen, die 130 km von Antalya entfernt liegt.<br \/>\nZuerst bringen wir Sie von Ihrem Hotel in Antalya zu unserer Station in Alanya, danach erklimmen wir 20 Minuten lang die Berge mit Land Rover-Autos zu unserer Station auf dem Gipfel des Berges in einer H\u00f6he von 800 Metern.<br \/>\nUnser Pilot bringt Ihnen das Gleitschirmfliegen bei und vermittelt Ihnen einen sicheren und gesch\u00fctzten Flug. Dann beginnt das unvergessliche Flugerlebnis, Sie werden sich wie ein Vogel am Himmel von Alanya f\u00fchlen und die Freiheit mit herrlichen Ausblicken auf das Mittelmeer und die Stadt Alanya genie\u00dfen. Der Gleitschirmflug dauert etwa 20 Minuten und h\u00e4ngt von den Wetterbedingungen ab. Der Landeplatz wird am Kleopatra-Strand sein.<br \/>\nF\u00fcr den Fallschirmflug ab Antalya sind keine Vorkenntnisse erforderlich, jeder, der fliegen m\u00f6chte, kann dies problemlos tun. Ihre Sicherheit liegt uns auf jeden Fall am Herzen. Unsere Berufspiloten geh\u00f6ren zu den Besten und verf\u00fcgen \u00fcber eine international g\u00fcltige Lizenz. Dar\u00fcber hinaus verwenden wir beste Ausr\u00fcstung und hohe Qualit\u00e4t. Verpassen Sie nicht eine der aufregendsten Aktivit\u00e4ten, die Sie w\u00e4hrend Ihres Urlaubs oder einmal im Leben unternehmen werden, indem Sie an der Fallschirmtour ab Antalya teilnehmen.<br \/>\n\ud83d\udff0\ud83d\udff0\ud83d\udff0\ud83d\udff0\ud83d\udff0\ud83d\udff0<\/p>\n\n\t\t<\/div>\n\t<\/div>\n\n\t<div class=\"wpb_raw_code wpb_raw_html wpb_content_element\" >\n\t\t<div class=\"wpb_wrapper\">\n\t\t\t<a href=\"\/de\/mustafa\/\" class=\"btn-whatsapp-pulse1 btn-whatsapp-pulse-border1\" target=\"_blank\">\n\t<i class=\"fab fa-whatsapp\"><\/i>\n<\/a>\n\n\n\n<style>\n.btn-whatsapp-pulse1 {\n\tz-index:9999;\n\tbackground: #25d366;\n\tcolor: white;\n\tposition: fixed;\n\n\tbottom: 100px;\n\tright: 20px;\n\tfont-size: 40px;\n\tdisplay: flex;\n\tjustify-content: center;\n\talign-items: center;\n\twidth: 0;\n\theight: 0;\n\tpadding: 35px;\n\ttext-decoration: none;\n\tborder-radius: 50%;\n\tanimation-name: pulse;\n\tanimation-duration: 1.5s;\n\tanimation-timing-function: ease-out;\n\tanimation-iteration-count: infinite;\n}\n\n<\/style>\n\t\t<\/div>\n\t<\/div>\n<\/div><\/div><\/div><\/div>\n<\/div>","protected":false},"excerpt":{"rendered":"<p>\u0645\u0644\u0627\u062d\u0638\u0629 \u0627\u0644\u0627\u0633\u0639\u0627\u0631 \u0627\u0644\u0645\u0648\u062c\u0648\u062f\u0629 \u0645\u0646 \u0645\u0631\u0643\u0632 \u0645\u062f\u064a\u0646\u0629 \u0627\u0646\u0637\u0627\u0644\u064a\u0627<br \/>\n\u0648\u0628\u0627\u0642\u064a \u0627\u0644\u0627\u0645\u0627\u0643\u0646 \u064a\u062e\u062a\u0644\u0641 \u0627\u0644\u0627\u0633\u0639\u0627\u0631 \u0639\u0644 &#8230; <\/p>","protected":false},"featured_media":4901,"comment_status":"open","ping_status":"closed","template":"","meta":[],"product_cat":[83],"product_tag":[],"class_list":{"0":"post-2238","1":"product","2":"type-product","3":"status-publish","4":"has-post-thumbnail","6":"product_cat-83","8":"first","9":"instock","10":"shipping-taxable","11":"purchasable","12":"product-type-simple"},"_links":{"self":[{"href":"https:\/\/mousasky.com\/de\/wp-json\/wp\/v2\/product\/2238","targetHints":{"allow":["GET"]}}],"collection":[{"href":"https:\/\/mousasky.com\/de\/wp-json\/wp\/v2\/product"}],"about":[{"href":"https:\/\/mousasky.com\/de\/wp-json\/wp\/v2\/types\/product"}],"replies":[{"embeddable":true,"href":"https:\/\/mousasky.com\/de\/wp-json\/wp\/v2\/comments?post=2238"}],"wp:featuredmedia":[{"embeddable":true,"href":"https:\/\/mousasky.com\/de\/wp-json\/wp\/v2\/media\/4901"}],"wp:attachment":[{"href":"https:\/\/mousasky.com\/de\/wp-json\/wp\/v2\/media?parent=2238"}],"wp:term":[{"taxonomy":"product_cat","embeddable":true,"href":"https:\/\/mousasky.com\/de\/wp-json\/wp\/v2\/product_cat?post=2238"},{"taxonomy":"product_tag","embeddable":true,"href":"https:\/\/mousasky.com\/de\/wp-json\/wp\/v2\/product_tag?post=2238"}],"curies":[{"name":"wp","href":"https:\/\/api.w.org\/{rel}","templated":true}]}}