{"id":2229,"date":"2023-01-11T14:05:53","date_gmt":"2023-01-11T14:05:53","guid":{"rendered":"https:\/\/mousasky.com\/?post_type=product&#038;p=2229"},"modified":"2024-07-23T15:50:15","modified_gmt":"2024-07-23T15:50:15","slug":"%d8%b1%d8%ad%d9%84%d8%a9-%d9%88%d8%a7%d8%af%d9%8a-%d8%aa%d8%a7%d8%b2%d9%8a-%d8%a3%d9%86%d8%b7%d8%a7%d9%84%d9%8a%d8%a7","status":"publish","type":"product","link":"https:\/\/mousasky.com\/de\/produkt\/\u0631\u062d\u0644\u0629-\u0648\u0627\u062f\u064a-\u062a\u0627\u0632\u064a-\u0623\u0646\u0637\u0627\u0644\u064a\u0627\/","title":{"rendered":"Ausflug ins Tazi-Tal, Antalya"},"content":{"rendered":"<div class=\"wpb-content-wrapper\"><div class=\"vc_row wpb_row vc_row-fluid\"><div class=\"wpb_column vc_column_container vc_col-sm-12\"><div class=\"vc_column-inner\"><div class=\"wpb_wrapper\">\n\t<div class=\"wpb_text_column wpb_content_element\" >\n\t\t<div class=\"wpb_wrapper\">\n\t\t\t<p>\ud83d\udca2 Reiseprogramm:<br \/>\nDie Tazi-Tal-Reise von Antalya aus ist eine Naturreise gemischt mit Kultur. Von den H\u00e4ngen und H\u00fcgeln des Taurusgebirges aus k\u00f6nnen Sie die wundervolle historische und nat\u00fcrliche Landschaft genie\u00dfen. Das Tazi-Tal liegt etwa 105 km vom Stadtzentrum von Antalya entfernt<\/p>\n<p>Antike r\u00f6mische Br\u00fccke Eine 2.000 Jahre alte r\u00f6mische Br\u00fccke verband die Handelswege der antiken St\u00e4dte Celj und Pamphylien. Diese alte Br\u00fccke ist noch heute aktiv. Es ist 22 Meter lang, 2,70 Meter breit, 35 Meter hoch und liegt 1250 Meter \u00fcber dem Meeresspiegel. Von der Br\u00fccke aus genie\u00dfen Sie einen herrlichen Blick auf die Quellwasserf\u00e4lle, die in den Fluss m\u00fcnden.<\/p>\n<p>Tazi-Tal (Tal der Adler): Die L\u00e4nge des Tazi-Tals betr\u00e4gt etwa 4 km, seine Breite 30 bis 50 Meter und seine H\u00f6he 400 Meter. Das Tal entstand durch Gesteinserosion durch Kuporcay \u00fcber einen Zeitraum von 100 Jahren. Es tr\u00e4gt wunderbare Arten von steilen Felsen. Die dichte Vegetation und der t\u00fcrkisfarbene Kupurchay-Fluss tragen zur Sch\u00f6nheit der Landschaft bei. Das Tal soll die Heimat von V\u00f6geln und mehr als 30 Schmerlenarten sein.<\/p>\n<p>Die antike Stadt Celj: Sie wurde im zweiten Jahrhundert gegr\u00fcndet und ist uralt, erbaut an den H\u00e4ngen des Taurusgebirges, auf einer H\u00f6he von 1250 Metern. Es wurde von den Einheimischen in Anatolien gegr\u00fcndet und erlebte seine Bl\u00fctezeit w\u00e4hrend der R\u00f6merzeit. Seine Ruinen stehen noch. Das Freilufttheater mit 9.000 Pl\u00e4tzen ist eines der sch\u00f6nsten Theater der Region.<\/p>\n<p>Edam Kayalar: Diese \u00fcberraschend interessanten Felsformationen befinden sich in der N\u00e4he der antiken Stadt Celje. Adam Kayalar erhielt seinen Namen aufgrund seiner \u00c4hnlichkeit mit der menschlichen Figur. Die Felsformationen sind auch als Antalya-Feenkamine oder Teufelsfelsen bekannt. Er erreicht eine H\u00f6he von 70 Metern. Es entstand durch die Verfestigung von Kies und Sand \u00fcber einen Zeitraum von 65 Millionen Jahren.<br \/>\nWenn Sie dieses nationale Naturwunder im Koprulu-Talpark entdecken m\u00f6chten, sollten Sie sich die Tazi-Tal-Tour ab Antalya nicht entgehen lassen.<\/p>\n\n\t\t<\/div>\n\t<\/div>\n\n\t<div class=\"wpb_raw_code wpb_raw_html wpb_content_element\" >\n\t\t<div class=\"wpb_wrapper\">\n\t\t\t<a href=\"\/de\/mustafa\/\" class=\"btn-whatsapp-pulse1 btn-whatsapp-pulse-border1\" target=\"_blank\">\n\t<i class=\"fab fa-whatsapp\"><\/i>\n<\/a>\n\n\n\n<style>\n.btn-whatsapp-pulse1 {\n\tz-index:9999;\n\tbackground: #25d366;\n\tcolor: white;\n\tposition: fixed;\n\n\tbottom: 100px;\n\tright: 20px;\n\tfont-size: 40px;\n\tdisplay: flex;\n\tjustify-content: center;\n\talign-items: center;\n\twidth: 0;\n\theight: 0;\n\tpadding: 35px;\n\ttext-decoration: none;\n\tborder-radius: 50%;\n\tanimation-name: pulse;\n\tanimation-duration: 1.5s;\n\tanimation-timing-function: ease-out;\n\tanimation-iteration-count: infinite;\n}\n\n<\/style>\n\t\t<\/div>\n\t<\/div>\n<\/div><\/div><\/div><\/div>\n<\/div>","protected":false},"excerpt":{"rendered":"<p>\u0645\u0644\u0627\u062d\u0638\u0629 \u0627\u0644\u0627\u0633\u0639\u0627\u0631 \u0627\u0644\u0645\u0648\u062c\u0648\u062f\u0629 \u0645\u0646 \u0645\u0631\u0643\u0632 \u0645\u062f\u064a\u0646\u0629 \u0627\u0646\u0637\u0627\u0644\u064a\u0627<br \/>\n\u0648\u0628\u0627\u0642\u064a \u0627\u0644\u0627\u0645\u0627\u0643\u0646 \u064a\u062e\u062a\u0644\u0641 \u0627\u0644\u0627\u0633\u0639\u0627\u0631 \u0639\u0644 &#8230; <\/p>","protected":false},"featured_media":4936,"comment_status":"open","ping_status":"closed","template":"","meta":[],"product_cat":[83],"product_tag":[],"class_list":{"0":"post-2229","1":"product","2":"type-product","3":"status-publish","4":"has-post-thumbnail","6":"product_cat-83","8":"first","9":"instock","10":"shipping-taxable","11":"purchasable","12":"product-type-simple"},"_links":{"self":[{"href":"https:\/\/mousasky.com\/de\/wp-json\/wp\/v2\/product\/2229","targetHints":{"allow":["GET"]}}],"collection":[{"href":"https:\/\/mousasky.com\/de\/wp-json\/wp\/v2\/product"}],"about":[{"href":"https:\/\/mousasky.com\/de\/wp-json\/wp\/v2\/types\/product"}],"replies":[{"embeddable":true,"href":"https:\/\/mousasky.com\/de\/wp-json\/wp\/v2\/comments?post=2229"}],"wp:featuredmedia":[{"embeddable":true,"href":"https:\/\/mousasky.com\/de\/wp-json\/wp\/v2\/media\/4936"}],"wp:attachment":[{"href":"https:\/\/mousasky.com\/de\/wp-json\/wp\/v2\/media?parent=2229"}],"wp:term":[{"taxonomy":"product_cat","embeddable":true,"href":"https:\/\/mousasky.com\/de\/wp-json\/wp\/v2\/product_cat?post=2229"},{"taxonomy":"product_tag","embeddable":true,"href":"https:\/\/mousasky.com\/de\/wp-json\/wp\/v2\/product_tag?post=2229"}],"curies":[{"name":"wp","href":"https:\/\/api.w.org\/{rel}","templated":true}]}}