{"id":2202,"date":"2023-01-11T13:46:22","date_gmt":"2023-01-11T13:46:22","guid":{"rendered":"https:\/\/mousasky.com\/?post_type=product&#038;p=2202"},"modified":"2024-07-23T15:50:29","modified_gmt":"2024-07-23T15:50:29","slug":"%d8%b1%d8%ad%d9%84%d8%a9-%d8%b1%d9%83%d9%88%d8%a8-%d8%a7%d9%84%d8%ae%d9%8a%d9%84-%d9%81%d9%8a-%d8%a7%d9%86%d8%b7%d8%a7%d9%84%d9%8a%d8%a7","status":"publish","type":"product","link":"https:\/\/mousasky.com\/de\/produkt\/\u0631\u062d\u0644\u0629-\u0631\u0643\u0648\u0628-\u0627\u0644\u062e\u064a\u0644-\u0641\u064a-\u0627\u0646\u0637\u0627\u0644\u064a\u0627\/","title":{"rendered":"Reitausflug in Antalya"},"content":{"rendered":"<div class=\"wpb-content-wrapper\"><div class=\"vc_row wpb_row vc_row-fluid\"><div class=\"wpb_column vc_column_container vc_col-sm-12\"><div class=\"vc_column-inner\"><div class=\"wpb_wrapper\">\n\t<div class=\"wpb_text_column wpb_content_element\" >\n\t\t<div class=\"wpb_wrapper\">\n\t\t\t<p>\ud83d\udca2 Reiseprogramm:<br \/>\nDie Reittour durch Antalya ist eine unterhaltsame und interessante Aktivit\u00e4t, die wir in zwei Teilen unternehmen, einen im Wald und einen am Strand in Lara, der Lieblingsgegend von Antalya. Sie werden den Spa\u00df genie\u00dfen, durch die Kiefernw\u00e4lder zu reiten und die frische Waldluft einzuatmen. Sie werden ein wundervolles Erlebnis an den wundersch\u00f6nen Ufern des Mittelmeers haben, wo Sie bei einer Reittour die Sonne, die Wellen und den herrlichen Blick auf das t\u00fcrkisfarbene Meer genie\u00dfen k\u00f6nnen. Unsere Reittour mit unseren eigenen gekleideten und trainierten Pferden ist f\u00fcr alle Pferdeliebhaber ab 8 Jahren und mit entsprechendem Gewicht geeignet. W\u00e4hrend einer Reittour in Antalya k\u00f6nnen Sie sch\u00f6ne, lustige und romantische Fotos mit Ihrer Frau, Ihren Freunden und Ihren Lieben machen oder Fotos und Videos kaufen, die von unseren professionellen Fotografen aufgenommen wurden. Wir hei\u00dfen jeden willkommen, der auf unserer Reittour in Antalya Spa\u00df mit Pferden haben m\u00f6chte.<br \/>\n\ud83d\udff0\ud83d\udff0\ud83d\udff0\ud83d\udff0\ud83d\udff0\ud83d\udff0<br \/>\n\ud83d\udca2 Informationen und Beratung<br \/>\nMit Zustimmung der Reiseleiter k\u00f6nnen G\u00e4ste ab 8 Jahren auch alleine an der Tour teilnehmen.<br \/>\nSchwangeren G\u00e4sten ist die Teilnahme an der Tour nicht gestattet.<br \/>\nWer keine Reiterfahrung hat, kann an der Tour teilnehmen.<br \/>\nDas maximale Gewicht des Passagiers betr\u00e4gt 100 Kilo.<\/p>\n\n\t\t<\/div>\n\t<\/div>\n\n\t<div class=\"wpb_raw_code wpb_raw_html wpb_content_element\" >\n\t\t<div class=\"wpb_wrapper\">\n\t\t\t<a href=\"\/de\/mustafa\/\" class=\"btn-whatsapp-pulse1 btn-whatsapp-pulse-border1\" target=\"_blank\">\n\t<i class=\"fab fa-whatsapp\"><\/i>\n<\/a>\n\n\n\n<style>\n.btn-whatsapp-pulse1 {\n\tz-index:9999;\n\tbackground: #25d366;\n\tcolor: white;\n\tposition: fixed;\n\n\tbottom: 100px;\n\tright: 20px;\n\tfont-size: 40px;\n\tdisplay: flex;\n\tjustify-content: center;\n\talign-items: center;\n\twidth: 0;\n\theight: 0;\n\tpadding: 35px;\n\ttext-decoration: none;\n\tborder-radius: 50%;\n\tanimation-name: pulse;\n\tanimation-duration: 1.5s;\n\tanimation-timing-function: ease-out;\n\tanimation-iteration-count: infinite;\n}\n\n<\/style>\n\t\t<\/div>\n\t<\/div>\n<\/div><\/div><\/div><\/div>\n<\/div>","protected":false},"excerpt":{"rendered":"<p>\u0645\u0644\u0627\u062d\u0638\u0629 \u0627\u0644\u0627\u0633\u0639\u0627\u0631 \u0627\u0644\u0645\u0648\u062c\u0648\u062f\u0629 \u0645\u0646 \u0645\u0631\u0643\u0632 \u0645\u062f\u064a\u0646\u0629 \u0627\u0646\u0637\u0627\u0644\u064a\u0627<br \/>\n\u0648\u0628\u0627\u0642\u064a \u0627\u0644\u0627\u0645\u0627\u0643\u0646 \u064a\u062e\u062a\u0644\u0641 \u0627\u0644\u0627\u0633\u0639\u0627\u0631 \u0639\u0644 &#8230; <\/p>","protected":false},"featured_media":4896,"comment_status":"open","ping_status":"closed","template":"","meta":[],"product_cat":[83],"product_tag":[],"class_list":{"0":"post-2202","1":"product","2":"type-product","3":"status-publish","4":"has-post-thumbnail","6":"product_cat-83","8":"first","9":"instock","10":"shipping-taxable","11":"purchasable","12":"product-type-simple"},"_links":{"self":[{"href":"https:\/\/mousasky.com\/de\/wp-json\/wp\/v2\/product\/2202","targetHints":{"allow":["GET"]}}],"collection":[{"href":"https:\/\/mousasky.com\/de\/wp-json\/wp\/v2\/product"}],"about":[{"href":"https:\/\/mousasky.com\/de\/wp-json\/wp\/v2\/types\/product"}],"replies":[{"embeddable":true,"href":"https:\/\/mousasky.com\/de\/wp-json\/wp\/v2\/comments?post=2202"}],"wp:featuredmedia":[{"embeddable":true,"href":"https:\/\/mousasky.com\/de\/wp-json\/wp\/v2\/media\/4896"}],"wp:attachment":[{"href":"https:\/\/mousasky.com\/de\/wp-json\/wp\/v2\/media?parent=2202"}],"wp:term":[{"taxonomy":"product_cat","embeddable":true,"href":"https:\/\/mousasky.com\/de\/wp-json\/wp\/v2\/product_cat?post=2202"},{"taxonomy":"product_tag","embeddable":true,"href":"https:\/\/mousasky.com\/de\/wp-json\/wp\/v2\/product_tag?post=2202"}],"curies":[{"name":"wp","href":"https:\/\/api.w.org\/{rel}","templated":true}]}}