{"id":2192,"date":"2023-01-09T10:20:30","date_gmt":"2023-01-09T10:20:30","guid":{"rendered":"https:\/\/mousasky.com\/?post_type=product&#038;p=2192"},"modified":"2025-03-27T23:06:50","modified_gmt":"2025-03-27T23:06:50","slug":"%d8%b1%d8%ad%d9%84%d8%a9-%d8%a7%d9%8a%d8%af%d8%b1-%d9%81%d9%8a-%d8%b7%d8%b1%d8%a7%d8%a8%d8%b2%d9%88%d9%86","status":"publish","type":"product","link":"https:\/\/mousasky.com\/de\/produkt\/\u0631\u062d\u0644\u0629-\u0627\u064a\u062f\u0631-\u0641\u064a-\u0637\u0631\u0627\u0628\u0632\u0648\u0646\/","title":{"rendered":"Ayder-Reise in Trabzon"},"content":{"rendered":"<div class=\"wpb-content-wrapper\"><div class=\"vc_row wpb_row vc_row-fluid\"><div class=\"wpb_column vc_column_container vc_col-sm-12\"><div class=\"vc_column-inner\"><div class=\"wpb_wrapper\">\n\t<div class=\"wpb_text_column wpb_content_element\" >\n\t\t<div class=\"wpb_wrapper\">\n\t\t\t<p>\ud83d\udce3 Es ist t\u00e4glich verf\u00fcgbar und die Reservierung erfolgt ein oder zwei Tage vorher. Um die Reservierung zu best\u00e4tigen, senden Sie bitte den Hotelnamen, die Zimmernummer und die Namen<br \/>\n\ud83d\udcc6 Die Abfahrtszeit der Reise liegt zwischen acht und neun Uhr morgens, das Datum richtet sich nach der Lage des Hotels und die Ankunft im Hotel erfolgt gegen etwa sieben Uhr abends<\/p>\n<p>\ud83d\udca2 Reiseprogramm<br \/>\nAyder-Tour, eine der sch\u00f6nsten und sch\u00f6nsten Touren im Norden der T\u00fcrkei, die von gr\u00fcnen Bergen und riesigen Wasserf\u00e4llen umgeben ist. Das Dorf Ayder bietet auch viele Dienstleistungen wie nat\u00fcrliche Schwefelb\u00e4der. Dieses Dorf ist ber\u00fchmt f\u00fcr seine sch\u00f6nen und einfachen Holzh\u00e4user Hotels mit Blick auf Berge, Hochebenen und Fl\u00fcsse. Es ist auch ber\u00fchmt f\u00fcr Wintergerichte wie gegrilltes Fleisch und Fisch. Fl\u00fcsterer.<br \/>\n\ud83d\udff0\ud83d\udff0\ud83d\udff0\ud83d\udff0\ud83d\udff0\ud83d\udff0<br \/>\n\ud83d\udca2 Orte zum Besuchen<br \/>\n\ud83d\udd39 Besuch beim Wasserfall der Braut<br \/>\n\ud83d\udd39 Besuch der Skitoglu-Wasserf\u00e4lle<br \/>\n\ud83d\udd39Besichtigung des Sturmtals, Sport und Rafting<br \/>\n\ud83d\udd39 Besuch der Messerfabrik und Ausstellung in Surmana<br \/>\n\ud83d\udd39 Besuch der Riza-Ausstellung handgefertigter Stoffe<br \/>\n\ud83d\udd39 Besuch des Dorfes Ayder und Essen in Ayder<br \/>\n\ud83d\udd39 Besuch der osmanischen Br\u00fccken<br \/>\n\ud83d\udd39Besichtigung der H\u00e4ngeseile und Schaukeln<\/p>\n\n\t\t<\/div>\n\t<\/div>\n\n\t<div class=\"wpb_raw_code wpb_raw_html wpb_content_element\" >\n\t\t<div class=\"wpb_wrapper\">\n\t\t\t<a href=\"\/de\/mustafa\/\" class=\"btn-whatsapp-pulse1 btn-whatsapp-pulse-border1\" target=\"_blank\">\n\t<i class=\"fab fa-whatsapp\"><\/i>\n<\/a>\n\n\n\n<style>\n.btn-whatsapp-pulse1 {\n\tz-index:9999;\n\tbackground: #25d366;\n\tcolor: white;\n\tposition: fixed;\n\n\tbottom: 100px;\n\tright: 20px;\n\tfont-size: 40px;\n\tdisplay: flex;\n\tjustify-content: center;\n\talign-items: center;\n\twidth: 0;\n\theight: 0;\n\tpadding: 35px;\n\ttext-decoration: none;\n\tborder-radius: 50%;\n\tanimation-name: pulse;\n\tanimation-duration: 1.5s;\n\tanimation-timing-function: ease-out;\n\tanimation-iteration-count: infinite;\n}\n\n<\/style>\n\t\t<\/div>\n\t<\/div>\n<\/div><\/div><\/div><\/div>\n<\/div>","protected":false},"excerpt":{"rendered":"<p>\ud83d\udd38 Inklusive Transport zum und vom Hotel<\/p>\n<p>\ud83d\udd38 Inklusive eines arabischsprachigen Reiseleiters<\/p>\n<p>\ud83d\udc68\u200d\ud83d\udc68\u200d\ud83d\udc67 \u0627\u0633\u0639\u0627\u0631 \u0627\u0644\u0631\u062d\u0644\u0629 &#8230; <\/p>","protected":false},"featured_media":2196,"comment_status":"open","ping_status":"closed","template":"","meta":[],"product_cat":[79],"product_tag":[],"class_list":{"0":"post-2192","1":"product","2":"type-product","3":"status-publish","4":"has-post-thumbnail","6":"product_cat-79","8":"first","9":"instock","10":"shipping-taxable","11":"purchasable","12":"product-type-simple"},"_links":{"self":[{"href":"https:\/\/mousasky.com\/de\/wp-json\/wp\/v2\/product\/2192","targetHints":{"allow":["GET"]}}],"collection":[{"href":"https:\/\/mousasky.com\/de\/wp-json\/wp\/v2\/product"}],"about":[{"href":"https:\/\/mousasky.com\/de\/wp-json\/wp\/v2\/types\/product"}],"replies":[{"embeddable":true,"href":"https:\/\/mousasky.com\/de\/wp-json\/wp\/v2\/comments?post=2192"}],"wp:featuredmedia":[{"embeddable":true,"href":"https:\/\/mousasky.com\/de\/wp-json\/wp\/v2\/media\/2196"}],"wp:attachment":[{"href":"https:\/\/mousasky.com\/de\/wp-json\/wp\/v2\/media?parent=2192"}],"wp:term":[{"taxonomy":"product_cat","embeddable":true,"href":"https:\/\/mousasky.com\/de\/wp-json\/wp\/v2\/product_cat?post=2192"},{"taxonomy":"product_tag","embeddable":true,"href":"https:\/\/mousasky.com\/de\/wp-json\/wp\/v2\/product_tag?post=2192"}],"curies":[{"name":"wp","href":"https:\/\/api.w.org\/{rel}","templated":true}]}}