{"id":2172,"date":"2023-01-09T09:59:45","date_gmt":"2023-01-09T09:59:45","guid":{"rendered":"https:\/\/mousasky.com\/?post_type=product&#038;p=2172"},"modified":"2025-03-27T23:08:42","modified_gmt":"2025-03-27T23:08:42","slug":"%d8%b1%d8%ad%d9%84%d8%a9-%d8%a7%d9%88%d8%b1%d8%af%d9%88-%d9%81%d9%8a-%d8%b7%d8%b1%d8%a7%d8%a8%d8%b2%d9%88%d9%86","status":"publish","type":"product","link":"https:\/\/mousasky.com\/de\/produkt\/\u0631\u062d\u0644\u0629-\u0627\u0648\u0631\u062f\u0648-\u0641\u064a-\u0637\u0631\u0627\u0628\u0632\u0648\u0646\/","title":{"rendered":"Urdu-Tour in Trabzon"},"content":{"rendered":"<div class=\"wpb-content-wrapper\"><div class=\"vc_row wpb_row vc_row-fluid\"><div class=\"wpb_column vc_column_container vc_col-sm-12\"><div class=\"vc_column-inner\"><div class=\"wpb_wrapper\">\n\t<div class=\"wpb_text_column wpb_content_element\" >\n\t\t<div class=\"wpb_wrapper\">\n\t\t\t<p>\ud83d\udce3 Es ist t\u00e4glich verf\u00fcgbar und die Reservierung erfolgt ein oder zwei Tage vorher. Um die Reservierung zu best\u00e4tigen, senden Sie bitte den Hotelnamen, die Zimmernummer und die Namen<br \/>\n\ud83d\udcc6 Die Abfahrtszeit der Reise liegt zwischen acht und neun Uhr morgens, das Datum richtet sich nach der Lage des Hotels und die Ankunft im Hotel erfolgt gegen etwa sieben Uhr abends<\/p>\n<p>\ud83d\udca2 Reiseprogramm:<br \/>\nOrdu-Tour und die wichtigsten Touristenorte, die wir auf dieser wunderbaren Tour besuchen<br \/>\nZu Beginn der Tour gehen wir zum wundersch\u00f6nen Giresun-Schloss, das sich durch seinen Blick auf die Stadt Giresun, die Insel Giresun und die Wasserf\u00e4lle im Inneren des Schlosses auszeichnet. Nachdem wir mit dem Giresun-Schloss fertig sind, gehen wir zum Stadt Ordu und besteigen Sie die Seilbahn zum Boztepe High und essen Sie auf dem Boztepe High mit Blick auf die gesamte Stadt Ordu zu Mittag. Zur ber\u00fchmten Schokoladenfabrik in der Stadt Ordu.<br \/>\n\ud83d\udff0\ud83d\udff0\ud83d\udff0\ud83d\udff0\ud83d\udff0\ud83d\udff0\ud83d\udff0<br \/>\n\ud83d\udca2 Orte zum Besuchen<br \/>\n\ud83d\udd39Besichtigung der historischen Burg Gerasun<br \/>\n\ud83d\udd39 Besuch der Stadt Ordu<br \/>\n\ud83d\udd39 Besuchen Sie das Urdu-TV<br \/>\n\ud83d\udd39 Zu Besuch im umgedrehten Haus<br \/>\n\ud83d\udd39 Besuchen Sie die Nussfabrik<br \/>\n\ud83d\udd39 Besuch von Oro Heights mit Blick auf die Stadt<\/p>\n\n\t\t<\/div>\n\t<\/div>\n\n\t<div class=\"wpb_raw_code wpb_raw_html wpb_content_element\" >\n\t\t<div class=\"wpb_wrapper\">\n\t\t\t<a href=\"\/de\/mustafa\/\" class=\"btn-whatsapp-pulse1 btn-whatsapp-pulse-border1\" target=\"_blank\">\n\t<i class=\"fab fa-whatsapp\"><\/i>\n<\/a>\n\n\n\n<style>\n.btn-whatsapp-pulse1 {\n\tz-index:9999;\n\tbackground: #25d366;\n\tcolor: white;\n\tposition: fixed;\n\n\tbottom: 100px;\n\tright: 20px;\n\tfont-size: 40px;\n\tdisplay: flex;\n\tjustify-content: center;\n\talign-items: center;\n\twidth: 0;\n\theight: 0;\n\tpadding: 35px;\n\ttext-decoration: none;\n\tborder-radius: 50%;\n\tanimation-name: pulse;\n\tanimation-duration: 1.5s;\n\tanimation-timing-function: ease-out;\n\tanimation-iteration-count: infinite;\n}\n\n<\/style>\n\t\t<\/div>\n\t<\/div>\n<\/div><\/div><\/div><\/div>\n<\/div>","protected":false},"excerpt":{"rendered":"<p>\ud83d\udd38 Inklusive Transport zum und vom Hotel<br \/>\n\ud83d\udd38 Inklusive eines arabischsprachigen Reiseleiters<\/p>\n<p>\ud83d\udc68\u200d\ud83d\udc68\u200d\ud83d\udc67 \u0627\u0633\u0639\u0627\u0631 \u0627\u0644\u0631\u062d\u0644\u0629 &#8230; <\/p>","protected":false},"featured_media":2176,"comment_status":"open","ping_status":"closed","template":"","meta":[],"product_cat":[79],"product_tag":[],"class_list":{"0":"post-2172","1":"product","2":"type-product","3":"status-publish","4":"has-post-thumbnail","6":"product_cat-79","8":"first","9":"instock","10":"shipping-taxable","11":"purchasable","12":"product-type-simple"},"_links":{"self":[{"href":"https:\/\/mousasky.com\/de\/wp-json\/wp\/v2\/product\/2172","targetHints":{"allow":["GET"]}}],"collection":[{"href":"https:\/\/mousasky.com\/de\/wp-json\/wp\/v2\/product"}],"about":[{"href":"https:\/\/mousasky.com\/de\/wp-json\/wp\/v2\/types\/product"}],"replies":[{"embeddable":true,"href":"https:\/\/mousasky.com\/de\/wp-json\/wp\/v2\/comments?post=2172"}],"wp:featuredmedia":[{"embeddable":true,"href":"https:\/\/mousasky.com\/de\/wp-json\/wp\/v2\/media\/2176"}],"wp:attachment":[{"href":"https:\/\/mousasky.com\/de\/wp-json\/wp\/v2\/media?parent=2172"}],"wp:term":[{"taxonomy":"product_cat","embeddable":true,"href":"https:\/\/mousasky.com\/de\/wp-json\/wp\/v2\/product_cat?post=2172"},{"taxonomy":"product_tag","embeddable":true,"href":"https:\/\/mousasky.com\/de\/wp-json\/wp\/v2\/product_tag?post=2172"}],"curies":[{"name":"wp","href":"https:\/\/api.w.org\/{rel}","templated":true}]}}