{"id":2025,"date":"2023-01-07T10:20:39","date_gmt":"2023-01-07T10:20:39","guid":{"rendered":"https:\/\/mousasky.com\/?post_type=product&#038;p=2025"},"modified":"2025-03-30T14:51:07","modified_gmt":"2025-03-30T14:51:07","slug":"%d8%b1%d8%ad%d9%84%d8%a9-%d9%8a%d9%84%d9%88%d8%a7-%d9%88%d8%a7%d9%84%d9%85%d9%8a%d8%a7%d9%87-%d8%a7%d9%84%d9%83%d8%a8%d8%b1%d9%8a%d8%aa%d9%8a%d8%a9","status":"publish","type":"product","link":"https:\/\/mousasky.com\/de\/produkt\/\u0631\u062d\u0644\u0629-\u064a\u0644\u0648\u0627-\u0648\u0627\u0644\u0645\u064a\u0627\u0647-\u0627\u0644\u0643\u0628\u0631\u064a\u062a\u064a\u0629\/","title":{"rendered":"Yalova-Reise und Schwefelwasser"},"content":{"rendered":"<p>\ud83d\udca2 Reiseprogramm:<br \/>\nAusgehend von Istanbul \u00fcber die Bosporus-Br\u00fccke oder<br \/>\nWas heute als M\u00e4rtyrerbr\u00fccke vom 15. Juli bekannt ist<br \/>\n40-min\u00fctige Fahrt mit der F\u00e4hre vom Bahnhof Istanbul Gebze zum Bahnhof Yalova<br \/>\nHalten Sie an der ATV Safari Meteorate Station<br \/>\nin Yalova<br \/>\nBesuchen Sie das Dorf Termal, das sich durch seine malerische Natur auszeichnet und ein wunderbarer Ort zum Wandern mit der Familie ist. Es verf\u00fcgt auch \u00fcber viele charakteristische Restaurants, in denen Sie inmitten der wunderbaren Atmosph\u00e4re eine k\u00f6stliche Mahlzeit genie\u00dfen k\u00f6nnen<br \/>\nBesuchen Sie die hei\u00dfen Heilquellen in den Thermalb\u00e4dern in Yalova, um sich von verschiedenen Krankheiten zu erholen oder sich in einem der hei\u00dfen B\u00e4der auszuruhen und zu erholen<br \/>\nEs handelt sich um ein Badezimmer mit zwei separaten Bereichen, einem nur f\u00fcr Frauen und einem anderen f\u00fcr M\u00e4nner<br \/>\nBesuchen Sie den Sodoshan-Wasserfall, der in der N\u00e4he des Gebiets in Yalova liegt, etwa 9 km vom Dorf entfernt, und einer der sch\u00f6nsten Wasserf\u00e4lle in der Gegend ist<br \/>\n\ud83d\udff0\ud83d\udff0\ud83d\udff0\ud83d\udff0\ud83d\udff0\ud83d\udff0\ud83d\udff0<\/p>\n<p>\ud83d\udca2 Orte zum Besuchen<br \/>\n\u00dcberquerung der Bosporus-Br\u00fccke<br \/>\nFahrt mit der Seef\u00e4hre<br \/>\nHalten Sie an der Metorat-Station<br \/>\nBesuchen Sie das Dorf Termal<br \/>\nBesuchen Sie die therapeutischen hei\u00dfen Quellen<br \/>\nBesuchen Sie den Sodoshan-Wasserfall<\/p>\n<p>\ud83d\udff0\ud83d\udff0\ud83d\udff0\ud83d\udff0\ud83d\udff0\ud83d\udff0<\/p>\n<p>\ud83d\udccc Orte, die den Transport zum und vom Wohnort beinhalten:<br \/>\n\/ Aksaray \/ Lali \/ Bayazid \/ Sultan Ahmed \/ Sarkaji \/ Eminonu \/ Fatih \/ Shishahane \/ Taksim \/ Harbiye \/ Othman Bey \/ Sisli \/ Nishan Tasha \/ und Orte, die nicht im Transport enthalten sind. Ankunft am Sammelpunkt Aksaray-Platz \/ Taksim-Platz \/ Sisli vor der Cevahir Mall<\/p>","protected":false},"excerpt":{"rendered":"<p>\ud83d\udd39 Inklusive Fahrt mit der Seeschifff\u00e4hre<br \/>\n\ud83d\udd39 inklusive Mittagessen<br \/>\n\ud83d\udd39\u0634\u0627\u0645\u0644 \u0645\u0631\u0634\u062f \u0633\u064a\u0627\u062d\u064a \u064a\u062a\u0643\u0644\u0645 \u0627\u0644\u0639\u0631\u0628\u064a &#8230; <\/p>","protected":false},"featured_media":2028,"comment_status":"open","ping_status":"closed","template":"","meta":[],"product_cat":[78],"product_tag":[],"class_list":{"0":"post-2025","1":"product","2":"type-product","3":"status-publish","4":"has-post-thumbnail","6":"product_cat-78","8":"first","9":"instock","10":"shipping-taxable","11":"product-type-simple"},"_links":{"self":[{"href":"https:\/\/mousasky.com\/de\/wp-json\/wp\/v2\/product\/2025","targetHints":{"allow":["GET"]}}],"collection":[{"href":"https:\/\/mousasky.com\/de\/wp-json\/wp\/v2\/product"}],"about":[{"href":"https:\/\/mousasky.com\/de\/wp-json\/wp\/v2\/types\/product"}],"replies":[{"embeddable":true,"href":"https:\/\/mousasky.com\/de\/wp-json\/wp\/v2\/comments?post=2025"}],"wp:featuredmedia":[{"embeddable":true,"href":"https:\/\/mousasky.com\/de\/wp-json\/wp\/v2\/media\/2028"}],"wp:attachment":[{"href":"https:\/\/mousasky.com\/de\/wp-json\/wp\/v2\/media?parent=2025"}],"wp:term":[{"taxonomy":"product_cat","embeddable":true,"href":"https:\/\/mousasky.com\/de\/wp-json\/wp\/v2\/product_cat?post=2025"},{"taxonomy":"product_tag","embeddable":true,"href":"https:\/\/mousasky.com\/de\/wp-json\/wp\/v2\/product_tag?post=2025"}],"curies":[{"name":"wp","href":"https:\/\/api.w.org\/{rel}","templated":true}]}}