{"id":2020,"date":"2023-01-07T08:11:21","date_gmt":"2023-01-07T08:11:21","guid":{"rendered":"https:\/\/mousasky.com\/?post_type=product&#038;p=2020"},"modified":"2025-03-30T14:52:11","modified_gmt":"2025-03-30T14:52:11","slug":"%d8%b1%d8%ad%d9%84%d8%a9-%d9%81%d9%8a%d9%84%d8%a7%d9%86%d8%af-%d9%85%d8%af%d9%8a%d9%86%d8%a9-%d8%a7%d9%84%d8%a7%d9%84%d8%b9%d8%a7%d8%a8","status":"publish","type":"product","link":"https:\/\/mousasky.com\/de\/produkt\/\u0631\u062d\u0644\u0629-\u0641\u064a\u0644\u0627\u0646\u062f-\u0645\u062f\u064a\u0646\u0629-\u0627\u0644\u0627\u0644\u0639\u0627\u0628\/","title":{"rendered":"Wieland-Spiel St\u00e4dtereise"},"content":{"rendered":"<p>\ud83d\udca2Hinweis:<br \/>\nBitte seien Sie an der Ausstiegsstelle aus dem Bus oder an der vom Vertreter oder Busfahrer angegebenen Stelle anwesend.<\/p>\n<p>\ud83d\udca2 Reiseprogramm:<br \/>\nVergn\u00fcgungspark Vialand Istanbul<br \/>\nDie erste f\u00fcr Touristen, die aus touristischen Gr\u00fcnden kommen<br \/>\nIn T\u00fcrkiye gilt sie als eine der gr\u00f6\u00dften und gr\u00f6\u00dften St\u00e4dte<br \/>\nVergn\u00fcgungsparks in der T\u00fcrkei, der Vergn\u00fcgungsparkbereich, der mehr als f\u00fcnfzig Spiele enth\u00e4lt, ist in die Welt der Legenden unterteilt<br \/>\nDie Welt der Spiele und die Welt der Abenteuer sind ein Einkaufsbereich<br \/>\nBereich f\u00fcr Unterhaltung und Auff\u00fchrungen<br \/>\n\ud83d\udff0\ud83d\udff0\ud83d\udff0\ud83d\udff0\ud83d\udff0\ud83d\udff0\ud83d\udff0\ud83d\udff0\ud83d\udff0<br \/>\n\ud83d\udccc Orte, die den Transport zum und vom Wohnort beinhalten:<br \/>\n\/ Aksaray \/ Lali \/ Bayazid \/ Sultan Ahmed \/ Sarkaji \/ Eminonu \/ Fatih \/ Shishahane \/ Taksim \/ Harbiye \/ und Orte, die nicht im Transport inbegriffen sind. Anreise zum Treffpunkt Aksaray-Platz \/ Taksim-Platz \/ Sisli vor der Cevahir Mall<\/p>","protected":false},"excerpt":{"rendered":"<p>\ud83d\udd38 Inklusive Transport zu und von einem Sammelpunkt<br \/>\n\ud83d\udd38 Eintrittskarte inklusive<br \/>\n\ud83d\udd38 Einschlie\u00dflich aller Spiele<\/p>\n<p><span","protected":false},"featured_media":2022,"comment_status":"open","ping_status":"closed","template":"","meta":[],"product_cat":[78],"product_tag":[],"class_list":{"0":"post-2020","1":"product","2":"type-product","3":"status-publish","4":"has-post-thumbnail","6":"product_cat-78","8":"first","9":"instock","10":"shipping-taxable","11":"product-type-simple"},"_links":{"self":[{"href":"https:\/\/mousasky.com\/de\/wp-json\/wp\/v2\/product\/2020","targetHints":{"allow":["GET"]}}],"collection":[{"href":"https:\/\/mousasky.com\/de\/wp-json\/wp\/v2\/product"}],"about":[{"href":"https:\/\/mousasky.com\/de\/wp-json\/wp\/v2\/types\/product"}],"replies":[{"embeddable":true,"href":"https:\/\/mousasky.com\/de\/wp-json\/wp\/v2\/comments?post=2020"}],"wp:featuredmedia":[{"embeddable":true,"href":"https:\/\/mousasky.com\/de\/wp-json\/wp\/v2\/media\/2022"}],"wp:attachment":[{"href":"https:\/\/mousasky.com\/de\/wp-json\/wp\/v2\/media?parent=2020"}],"wp:term":[{"taxonomy":"product_cat","embeddable":true,"href":"https:\/\/mousasky.com\/de\/wp-json\/wp\/v2\/product_cat?post=2020"},{"taxonomy":"product_tag","embeddable":true,"href":"https:\/\/mousasky.com\/de\/wp-json\/wp\/v2\/product_tag?post=2020"}],"curies":[{"name":"wp","href":"https:\/\/api.w.org\/{rel}","templated":true}]}}