{"id":2016,"date":"2023-01-07T09:04:01","date_gmt":"2023-01-07T09:04:01","guid":{"rendered":"https:\/\/mousasky.com\/?post_type=product&#038;p=2016"},"modified":"2025-03-30T14:51:50","modified_gmt":"2025-03-30T14:51:50","slug":"%d8%b1%d8%ad%d9%84%d8%a9-%d8%a7%d9%84%d8%a7%d9%83%d9%88%d8%a7%d8%b1%d9%8a%d9%88%d9%85-%d9%81%d9%84%d9%88%d8%b1%d9%8a%d8%a7","status":"publish","type":"product","link":"https:\/\/mousasky.com\/de\/produkt\/\u0631\u062d\u0644\u0629-\u0627\u0644\u0627\u0643\u0648\u0627\u0631\u064a\u0648\u0645-\u0641\u0644\u0648\u0631\u064a\u0627\/","title":{"rendered":"Floria-Aquariumausflug"},"content":{"rendered":"<p>\ud83d\udca2 Hinweis:<br \/>\nBitte seien Sie an der Stelle anwesend, an der Sie aus dem Bus aussteigen, oder an der vom Vertreter oder Busfahrer angegebenen Stelle. F\u00fcr den Fall, dass Sie zur angegebenen Stunde und an der angegebenen Stelle nicht anwesend und verpflichtet sind, sind wir nicht f\u00fcr die Zustellung verantwortlich zu Ihrem Wohnort.<br \/>\n\ud83d\udff0\ud83d\udff0\ud83d\udff0\ud83d\udff0\ud83d\udff0\ud83d\udff0<br \/>\n\ud83d\udca2 Reiseprogramm<br \/>\nDie Istanbul Aquarium Tour ist eines der gr\u00f6\u00dften Aquarien der Welt. Das Istanbul Aquarium erstreckt sich \u00fcber eine Fl\u00e4che von 15.000 Quadratmetern und ist das gr\u00f6\u00dfte Tunnelaquarium der Welt, 131 Meter lang und 3 Meter breit, 40 verschiedene Aquarien.<br \/>\nIn der N\u00e4he befinden sich Einkaufszentren, Restaurants, Caf\u00e9s und Restaurants, in denen Sie die magische Unterwasserwelt kennenlernen und erkunden k\u00f6nnen. Sie k\u00f6nnen Ihren Besuch im Istanbul Aquarium auch in Erinnerungen verwandeln und auch die Flora Coast und die G\u00e4rten besuchen<br \/>\n\ud83d\udff0\ud83d\udff0\ud83d\udff0\ud83d\udff0\ud83d\udff0\ud83d\udff0<br \/>\n\ud83d\udccc Orte, die den Transport zum und vom Wohnort beinhalten:<br \/>\n\/ Aksaray \/ Lali \/ Bayazid \/ Sultan Ahmed \/ Sarkaji \/ Eminonu \/ Fatih \/ Shishahane \/ Taksim \/ Harbiye \/ Othman Bey \/ Sisli \/ Nishan Tasha \/ und Orte, die nicht im Transport enthalten sind. Ankunft am Sammelpunkt Aksaray-Platz \/ Taksim-Platz \/ Sisli vor der Cevahir Mall<\/p>","protected":false},"excerpt":{"rendered":"<p>\ud83d\udd36Der Preis beinhaltet:<br \/>\n\ud83d\udd38 Inklusive Transport zum und vom Hotel<br \/>\n\ud83d\udd38 Inklusive Eintrittskarte<\/p>\n<p><span","protected":false},"featured_media":2018,"comment_status":"open","ping_status":"closed","template":"","meta":[],"product_cat":[78],"product_tag":[],"class_list":{"0":"post-2016","1":"product","2":"type-product","3":"status-publish","4":"has-post-thumbnail","6":"product_cat-78","8":"first","9":"instock","10":"shipping-taxable","11":"product-type-simple"},"_links":{"self":[{"href":"https:\/\/mousasky.com\/de\/wp-json\/wp\/v2\/product\/2016","targetHints":{"allow":["GET"]}}],"collection":[{"href":"https:\/\/mousasky.com\/de\/wp-json\/wp\/v2\/product"}],"about":[{"href":"https:\/\/mousasky.com\/de\/wp-json\/wp\/v2\/types\/product"}],"replies":[{"embeddable":true,"href":"https:\/\/mousasky.com\/de\/wp-json\/wp\/v2\/comments?post=2016"}],"wp:featuredmedia":[{"embeddable":true,"href":"https:\/\/mousasky.com\/de\/wp-json\/wp\/v2\/media\/2018"}],"wp:attachment":[{"href":"https:\/\/mousasky.com\/de\/wp-json\/wp\/v2\/media?parent=2016"}],"wp:term":[{"taxonomy":"product_cat","embeddable":true,"href":"https:\/\/mousasky.com\/de\/wp-json\/wp\/v2\/product_cat?post=2016"},{"taxonomy":"product_tag","embeddable":true,"href":"https:\/\/mousasky.com\/de\/wp-json\/wp\/v2\/product_tag?post=2016"}],"curies":[{"name":"wp","href":"https:\/\/api.w.org\/{rel}","templated":true}]}}