{"id":1965,"date":"2023-01-07T08:57:43","date_gmt":"2023-01-07T08:57:43","guid":{"rendered":"https:\/\/mousasky.com\/?post_type=product&#038;p=1965"},"modified":"2025-03-30T14:51:59","modified_gmt":"2025-03-30T14:51:59","slug":"%d8%b1%d8%ad%d9%80%d9%80%d9%84%d8%a9-%d8%a7%d9%84%d8%a8%d9%88%d8%b3%d9%80%d9%81%d9%88%d8%b1-%d8%a7%d9%84%d9%86%d9%87%d8%a7%d8%b1%d9%8a%d8%a9-%d9%88%d8%a7%d8%b3%d8%b7%d9%86%d8%a8%d9%88%d9%84","status":"publish","type":"product","link":"https:\/\/mousasky.com\/de\/produkt\/\u0631\u062d\u0640\u0640\u0644\u0629-\u0627\u0644\u0628\u0648\u0633\u0640\u0641\u0648\u0631-\u0627\u0644\u0646\u0647\u0627\u0631\u064a\u0629-\u0648\u0627\u0633\u0637\u0646\u0628\u0648\u0644\/","title":{"rendered":"\u0631\u062d\u0644\u0629 \u0627\u0644\u0628\u0648\u0633\u0641\u0648\u0631 \u0627\u0644\u0646\u0647\u0627\u0631\u064a\u0629"},"content":{"rendered":"<p>\ud83d\udca2 Reiseprogramm:<br \/>\n\u2b55\ufe0f Vom Hotel aus fahren wir mit dem Bus und fahren dann zur K\u00fcste von Emin\u00f6n\u00fc, wo wir an Bord des Bosporus-Tageskreuzfahrtschiffs entlang der Meerenge gehen und den M\u00e4dchenturm und alle Pal\u00e4ste, Geb\u00e4ude und Denkm\u00e4ler auf beiden Seiten, asiatische und europ\u00e4ische, sehen und das Ortak\u00f6y-Gebiet mit Blick auf die Bosporus-Br\u00fccke liegt in der Region Besiktas am europ\u00e4ischen Ufer des Bosporus. Die K\u00fcste von Bebek mit Blick auf die zweite Br\u00fccke von Mehmet Al-Fateh und die Region Bebek sind das historische Viertel von Istanbul gilt als das Gebiet der reichen Menschen, des Luxus und der Sch\u00f6nheit.<br \/>\n\u2b55\ufe0f Dann bewegen wir uns zur K\u00fcste des Palastes des K\u00f6nigs der K\u00f6nige, Beylerbeyi, und fahren dann mit dem Bus zum H\u00fcgel der Liebenden. Der Bosporus wurde im au\u00dfergew\u00f6hnlichen osmanischen Stil erbaut und mit wei\u00dfem Marmor bedeckt<br \/>\nUnd dann ein Besuch auf dem Bride&#039;s Hill mit Blick auf das asiatische und europ\u00e4ische Istanbul, einen Panoramablick auf Istanbul und ein Mittagessen im Restaurant Bride&#039;s Hill mit herrlicher Aussicht<br \/>\n\u2b55\ufe0f Anschlie\u00dfend besuchen wir das Einkaufszentrum, um das sch\u00f6nste Geschenk zu kaufen<br \/>\n\u2b55\ufe0f Eine Fahrt endet gegen etwa eine Stunde abends und zur\u00fcck zum Hotel<br \/>\n\ud83d\udff0\ud83d\udff0\ud83d\udff0\ud83d\udff0\ud83d\udff0\ud83d\udff0\ud83d\udff0<br \/>\n\ud83d\udca2 Orte zum Besuchen<br \/>\n\ud83d\udd39 Beobachten Sie die Ortak\u00f6y-Arena<br \/>\n\ud83d\udd39 Beobachten Sie die K\u00fcste von Bebek (bebek)<br \/>\n\ud83d\udd39Besuchen Sie die Gro\u00dfe Moschee (Camlica)<br \/>\n\ud83d\udd39 Besuchen Sie den Brauth\u00fcgel (\u00e7amlica tepsi)<br \/>\n\ud83d\udd39 Besuchen Sie Lovers&#039; Hill (nakka\u015ftepe)<br \/>\n\ud83d\udd39 Ansehen des M\u00e4dchenhoroskops (kiz kulasi)<br \/>\n\ud83d\udd39ein Einkaufszentrum besuchen<br \/>\n\ud83d\udd39Bosporus-Tagestour mit dem Schiff (bosphours)<\/p>\n<p>\ud83d\udff0\ud83d\udff0\ud83d\udff0\ud83d\udff0\ud83d\udff0\ud83d\udff0<\/p>\n<p>\ud83d\udccc Orte, die den Transport zum und vom Wohnort beinhalten:<br \/>\n\/ Aksaray \/ Lali \/ Bayazid \/ Sultan Ahmed \/ Sarkaji \/ Eminonu \/ Fatih \/ Shishahane \/ Taksim \/ Harbiye \/ Othman Bey \/ Sisli \/ Nishan Tasha \/ und Orte, die nicht im Transport enthalten sind. Ankunft am Sammelpunkt Aksaray-Platz \/ Taksim-Platz \/ Sisli vor der Cevahir Mall<\/p>","protected":false},"excerpt":{"rendered":"<p>Der Preis ist inklusive<\/p>\n<p>\ud83d\udd38 Inklusive Transport zum und vom Hotel<br \/>\n\ud83d\udd38 \u0634\u0640\u0640\u0640\u0627\u0645\u0644 \u0645\u0631\u0634\u062f \u0633\u064a\u0627\u062d\u064a \u064a\u062a\u0643\u0644\u0645 &#8230; <\/p>","protected":false},"featured_media":1969,"comment_status":"open","ping_status":"closed","template":"","meta":[],"product_cat":[78],"product_tag":[],"class_list":{"0":"post-1965","1":"product","2":"type-product","3":"status-publish","4":"has-post-thumbnail","6":"product_cat-78","8":"first","9":"instock","10":"shipping-taxable","11":"product-type-simple"},"_links":{"self":[{"href":"https:\/\/mousasky.com\/de\/wp-json\/wp\/v2\/product\/1965","targetHints":{"allow":["GET"]}}],"collection":[{"href":"https:\/\/mousasky.com\/de\/wp-json\/wp\/v2\/product"}],"about":[{"href":"https:\/\/mousasky.com\/de\/wp-json\/wp\/v2\/types\/product"}],"replies":[{"embeddable":true,"href":"https:\/\/mousasky.com\/de\/wp-json\/wp\/v2\/comments?post=1965"}],"wp:featuredmedia":[{"embeddable":true,"href":"https:\/\/mousasky.com\/de\/wp-json\/wp\/v2\/media\/1969"}],"wp:attachment":[{"href":"https:\/\/mousasky.com\/de\/wp-json\/wp\/v2\/media?parent=1965"}],"wp:term":[{"taxonomy":"product_cat","embeddable":true,"href":"https:\/\/mousasky.com\/de\/wp-json\/wp\/v2\/product_cat?post=1965"},{"taxonomy":"product_tag","embeddable":true,"href":"https:\/\/mousasky.com\/de\/wp-json\/wp\/v2\/product_tag?post=1965"}],"curies":[{"name":"wp","href":"https:\/\/api.w.org\/{rel}","templated":true}]}}